{"id":12250,"date":"2019-04-07T11:24:07","date_gmt":"2019-04-07T14:24:07","guid":{"rendered":"http:\/\/\/\/dcsservice.com.br\/4-fatores-essenciais-2-9\/"},"modified":"2022-02-02T20:06:41","modified_gmt":"2022-02-02T23:06:41","slug":"incendio-alarme","status":"publish","type":"page","link":"https:\/\/www.dcsservice.com.br\/?page_id=12250","title":{"rendered":"DETEC\u00c7\u00c3O E ALARME DE INC\u00caNDIO"},"content":{"rendered":"<p>[vc_row css=&#8221;.vc_custom_1554641537919{padding-top: 120px !important;padding-bottom: 120px !important;}&#8221;][vc_column][vc_column_text]O Projeto de Detec\u00e7\u00e3o e Alarme de Inc\u00eandio tem como objetivo a detec\u00e7\u00e3o e alarme de qualquer princ\u00edpio de inc\u00eandio, permitindo uma a\u00e7\u00e3o eficiente e minimizando perdas e preju\u00edzos no caso de um sinistro nas \u00e1reas f\u00edsicas abrangidas pelo sistema. Tendo em vista se tratar de um ambiente de alta disponibilidade e uma instala\u00e7\u00e3o de miss\u00e3o cr\u00edtica, o combate dever\u00e1 ser realizado por um sistema apropriado e eficiente.<\/p>\n<p>O sistema deve ser elaborado em fun\u00e7\u00e3o das necessidades de seguran\u00e7a. O sistema \u00e9 composto da instala\u00e7\u00e3o de detectores de fuma\u00e7a, acionadores manuais e sinalizadores audiovisuais distribu\u00eddos de forma estrat\u00e9gica, sempre atendendo \u00e0s normas aplic\u00e1veis.<\/p>\n<p>O sistema de detec\u00e7\u00e3o e alarme \u00e9 totalmente automatizado, todos os detectores de inc\u00eandio, acionadores manuais e indicadores \u00e1udio\/visuais s\u00e3o interligados \u00e0 central de detec\u00e7\u00e3o e alarme de inc\u00eandio local.<\/p>\n<p>A central receber\u00e1 as sinaliza\u00e7\u00f5es provenientes dos detectores e as processar\u00e1, acionando o alarme sonoro e visual e demais equipamentos perif\u00e9ricos, bem como dever\u00e1 fornecer contatos para comandar o desligamento de equipamentos de ar condicionados e fechamento de dampers, quando aplicado.<\/p>\n<p>A central local de detec\u00e7\u00e3o e alarmes ser\u00e1 programada de maneira a atender as necessidades de projeto, para o acionamento de alarme Audiovisual e combate de inc\u00eandio. Essa central endere\u00e7\u00e1vel de detec\u00e7\u00e3o, alarme e combate a inc\u00eandio dever\u00e1 ser um dispositivo endere\u00e7\u00e1vel, digital micro processado com possibilidade de expans\u00e3o, modular e program\u00e1vel (software de programa\u00e7\u00e3o protegido por senha), permitindo a intera\u00e7\u00e3o homem-m\u00e1quina do tipo \u201cuser friendly\u201d.<\/p>\n<h3>DETEC\u00c7\u00c3O PRECOCE<\/h3>\n<p>Sistema de detec\u00e7\u00e3o precoce de fuma\u00e7a do tipo aspira\u00e7\u00e3o visa \u00e0 gera\u00e7\u00e3o de um alarme de risco de fogo iminente na central local de controle e alarmes. Tendo em vista que esta tecnologia \u00e9 capaz de detectar quantidades m\u00ednimas de fuma\u00e7a, o foco de inc\u00eandio ser\u00e1 detectado em seu est\u00e1gio incipiente.<\/p>\n<p>O Sistema funciona aspirando continuamente amostras de ar por uma rede de tubos usando um aspirador de alta efici\u00eancia, uma amostra deste ar \u00e9 ent\u00e3o conduzida atrav\u00e9s de um filtro de duplo est\u00e1gio, onde o primeiro est\u00e1gio remove poeiras e part\u00edculas da amostra de ar, antes de conduzi-la para dentro da c\u00e2mara de detec\u00e7\u00e3o laser. O segundo est\u00e1gio (ultra fino) possibilita um fornecimento de ar limpo, usado para manter as superf\u00edcies \u00f3ticas do detector livres de contamina\u00e7\u00e3o, assegurando uma calibra\u00e7\u00e3o est\u00e1vel e duradoura.<\/p>\n<p>Ap\u00f3s a filtragem, a amostra de ar \u00e9 conduzida atrav\u00e9s da c\u00e2mara de detec\u00e7\u00e3o, onde \u00e9 exposta a uma fonte de luz laser. Quando existe fuma\u00e7a presente, a luz \u00e9 dispersa dentro da c\u00e2mara de detec\u00e7\u00e3o (*Efeito Tyndall) e imediatamente identificada pelos receptores. O sinal \u00e9 ent\u00e3o processado e apresentado atrav\u00e9s de um gr\u00e1fico no display ou por um alarme. Os detectores s\u00e3o capazes de transmitir estas informa\u00e7\u00f5es para um painel de inc\u00eandio, um software supervis\u00f3rio ou a um sistema de gerenciamento atrav\u00e9s de rel\u00e9s ou interfaces digitais (HLI).<\/p>\n<h3>SUPRESS\u00c3O POR AGENTE LIMPO<\/h3>\n<p>A tecnologia que dever\u00e1 ser implementada para o sistema de Supress\u00e3o engloba a utiliza\u00e7\u00e3o dos dispositivos de Supress\u00e3o Fixa Autom\u00e1tica e\/ou Manual e Sistema de Supress\u00e3o por Agente Limpo. A utiliza\u00e7\u00e3o do sistema de supress\u00e3o autom\u00e1tico com agente limpo visa a elimina\u00e7\u00e3o instant\u00e2nea de um foco de inc\u00eandio com a inunda\u00e7\u00e3o total do ambiente pelo g\u00e1s que est\u00e1 contido no cilindro equipado atrav\u00e9s de atuador el\u00e9trico, atuador manual, pressostato, difusores, rede de distribui\u00e7\u00e3o, etc.<\/p>\n<p><strong>Arquitetura do sistema de Supress\u00e3o:<\/strong><\/p>\n<ul class=\"gkBullet4\">\n<li><strong>Tipo de Sistema:<\/strong>\u00a0Inunda\u00e7\u00e3o total do ambiente com agente limpo.<\/li>\n<li><strong>Acionamento:<\/strong>\u00a0Disparo autom\u00e1tico ou manual.<\/li>\n<li><strong>Disparo Manual:<\/strong>\u00a0Poder\u00e1 ser feito de duas maneiras, sendo diretamente no bot\u00e3o de emerg\u00eancia localizado no cilindro ou atrav\u00e9s do dispositivo de emerg\u00eancia (Agent Release) instalado em local de f\u00e1cil acesso, por\u00e9m controlada.<\/li>\n<li><strong>Disparo Autom\u00e1tico:<\/strong>\u00a0A detec\u00e7\u00e3o de fuma\u00e7a \u00e9 captada por sensores do tipo la\u00e7o cruzado ou sequencial, onde o disparo autom\u00e1tico do sistema de supress\u00e3o somente ocorrer\u00e1 ap\u00f3s a confirma\u00e7\u00e3o de ao menos 2 (dois) dispositivos distintos de detec\u00e7\u00e3o.<\/li>\n<li><strong>Tempo de retardo da descarga do agente limpo:<\/strong>\u00a030s ou 60s. Ser\u00e1 avaliado e definido pelo projeto e confirmado ou ajustado por especialista no momento do comissionamento, onde o t\u00e9cnico far\u00e1 uma an\u00e1lise da \u00e1rea protegida e do tempo m\u00e9dio para evacua\u00e7\u00e3o da mesma e definir\u00e1 o tempo a ser programado na central de inc\u00eandio.<\/li>\n<\/ul>\n<p><strong>Automa\u00e7\u00f5es:<\/strong><\/p>\n<ul class=\"gkBullet4\">\n<li><strong>Rota de Fuga<\/strong> &#8211; A porta com sistema de travamento por eletro\u00edm\u00e3 deve ter o sistema intertravado com o sistema de inc\u00eandio, pois em caso de descarga do agente limpo a central de inc\u00eandio deve enviar um sinal atrav\u00e9s de contato seco (NA\/NF) para a libera\u00e7\u00e3o do eletro\u00edm\u00e3. A <strong>DCS Service<\/strong>\u00a0utiliza em seus projetos porta corta fogo com barra antip\u00e2nico com acionamento mec\u00e2nico, garantindo assim uma rota de fuga imune \u00e0 falha.<\/li>\n<li><strong>Damper corta fogo<\/strong>\u00a0&#8211; Quando aplicado, o damper deve ser intertravado com o sistema de inc\u00eandio para que a central possa comandar o fechamento do mesmo em caso de descarga do agente limpo.<\/li>\n<li><strong>Ar-Condicionado<\/strong>\u00a0&#8211; Deve ser intertravado para desligamento com a central de inc\u00eandio. Dever\u00e1 ser avaliado o tipo de Hvac e a necessidade de se efetuar o desligamento do mesmo.<\/li>\n<\/ul>\n<p><strong>Funcionamento do sistema:<\/strong>\u00a0Sistem\u00e1tica Gen\u00e9rica. Poder\u00e1 haver diferentes configura\u00e7\u00f5es dependendo de fatores particulares de cada ambiente.<\/p>\n<p>Ao receber o sinal do primeiro dispositivo de detec\u00e7\u00e3o a central de inc\u00eandio aciona os sinalizadores Audiovisuais (SAV) da \u00e1rea em emerg\u00eancia, indicando que a \u00e1rea deve ser evacuada e tamb\u00e9m a central discadora de alarme, que por sua vez deve discar para os n\u00fameros programados alertando as pessoas de que h\u00e1 um evento no local. Deste momento at\u00e9 a atua\u00e7\u00e3o do segundo dispositivo de detec\u00e7\u00e3o, haver\u00e1 tempo para que a Brigada de Inc\u00eandio ou pessoal treinado possam fazer uma vistoria no local sinalizado e intervir no sistema, bloqueando ou ativando manualmente a descarga do agente limpo.<\/p>\n<p>Se n\u00e3o houver interven\u00e7\u00e3o humana e o segundo dispositivo atuar, a central de inc\u00eandio envia um comando para mudan\u00e7a do tipo de toque dos SAV\u00b4s e inicia a contagem regressiva de tempo de acordo com o programado (30s ou 60s). Durante a contagem regressiva, a chave de bloqueio pode ainda ser ativada manualmente: no fim da contagem de tempo, a central de inc\u00eandio comanda o disparo do agente supressor de inc\u00eandio e este por sua vez ir\u00e1 inundar o espa\u00e7o protegido no tempo entre 6s e 10s. Este tempo \u00e9 garantido pelo software de c\u00e1lculo hidr\u00e1ulico e descrito na mem\u00f3ria de c\u00e1lculo que dever\u00e1 ser parte integrante do fornecimento do projeto.<\/p>\n<p>Todos os eventos ocorridos dever\u00e3o ficar armazenados na mem\u00f3ria da central de inc\u00eandio.<\/p>\n<h3>CONTRATO DE MANUTEN\u00c7\u00c3O<\/h3>\n<p>\u00c9 fortemente recomend\u00e1vel se fazer um contrato de manuten\u00e7\u00e3o ap\u00f3s a implementa\u00e7\u00e3o do SDACI, o que ir\u00e1 garantir com seguran\u00e7a a continuidade funcional, bem como atender aos requisitos normativos.<\/p>\n<p>* John Tyndall, atrav\u00e9s de uma de suas experi\u00eancias, notou um espalhamento de um feixe de luz em um meio material que continha min\u00fasculas part\u00edculas em suspens\u00e3o. Numa experi\u00eancia, John Tyndall. observando que um feixe luminoso entrando em uma sala pela janela se tornava vis\u00edvel, notou que isto ocorria devido a presen\u00e7a de poeira na sala. Desde ent\u00e3o este procedimento de identificar part\u00edculas em suspens\u00e3o \u00e9 utilizado para diferenciar os coloides (pequenas part\u00edculas finas e insol\u00faveis). Os coloides t\u00eam um comprimento de onda maior do que o comprimento de onda da luz, por isso, este feixe de luz dispersa no ambiente, aonde \u00e9 observado. (Este fen\u00f4meno recebe o nome de Efeito Tyndall, em homenagem a John Tyndall.).[\/vc_column_text][\/vc_column][\/vc_row][vc_row bg_type=&#8221;image&#8221; parallax_style=&#8221;vcpb-vz-jquery&#8221; bg_image_new=&#8221;id^12187|url^http:\/\/\/\/dcsservice.com.br\/wp-content\/uploads\/2019\/04\/data_fundo_inst.jpg|caption^null|alt^null|title^data_fundo_inst|description^null&#8221; bg_image_repeat=&#8221;no-repeat&#8221; bg_override=&#8221;ex-full&#8221; css=&#8221;.vc_custom_1554486038536{padding-top: 120px !important;padding-bottom: 120px !important;}&#8221;][vc_column width=&#8221;1\/2&#8243;][\/vc_column][vc_column width=&#8221;1\/2&#8243;][ult_animation_block animation=&#8221;fadeInUp&#8221; animation_duration=&#8221;1&#8243; animation_delay=&#8221;0.3&#8243; animation_iteration_count=&#8221;1&#8243;][vc_row_inner][vc_column_inner width=&#8221;1\/2&#8243;][icon_counter border_size=&#8221;1&#8243; border_color=&#8221;__USE_THEME_MAIN_COLOR__&#8221; icon=&#8221;Defaults-wrench&#8221; icon_size=&#8221;38&#8243; icon_color=&#8221;#ffffff&#8221; text_color=&#8221;#ffffff&#8221; desc_color=&#8221;#ffffff&#8221; bg_color=&#8221;__USE_THEME_MAIN_COLOR__&#8221; block_title_front=&#8221;MANUTEN\u00c7\u00c3O&#8221; block_title_back=&#8221;MANUTEN\u00c7AO&#8221; block_desc_back=&#8221;Projeto e execu\u00e7\u00e3o de manuten\u00e7\u00f5es em data centers.&#8221; cont_align=&#8221;on&#8221; title_font=&#8221;font_family:Poppins|font_call:Poppins|variant:600&#8243; title_font_style=&#8221;font-weight:600;&#8221; desc_font=&#8221;font_family:Open Sans|font_call:Open+Sans&#8221; desc_font_style=&#8221;font-weight:500;&#8221; title_font_size=&#8221;desktop:16px;&#8221; desc_font_size=&#8221;desktop:12px;&#8221; desc_font_line_height=&#8221;desktop:20px;&#8221;][\/vc_column_inner][vc_column_inner width=&#8221;1\/2&#8243;][icon_counter border_size=&#8221;1&#8243; border_color=&#8221;#212121&#8243; icon=&#8221;Defaults-star&#8221; icon_size=&#8221;38&#8243; icon_color=&#8221;#ffffff&#8221; text_color=&#8221;#ffffff&#8221; bg_color=&#8221;#212121&#8243; block_title_front=&#8221;IMPLANTA\u00c7\u00c3O&#8221; block_title_back=&#8221;IMPLANTA\u00c7\u00c3O&#8221; block_desc_back=&#8221;Seu data center entregue e funcionando.&#8221; cont_align=&#8221;on&#8221; title_font=&#8221;font_family:Poppins|font_call:Poppins|variant:600&#8243; title_font_style=&#8221;font-weight:600;&#8221; desc_font=&#8221;font_family:Open Sans|font_call:Open+Sans&#8221; desc_font_style=&#8221;font-weight:500;&#8221; title_font_size=&#8221;desktop:17px;&#8221; desc_font_size=&#8221;desktop:12px;&#8221; desc_font_line_height=&#8221;desktop:20px;&#8221;][\/vc_column_inner][\/vc_row_inner][vc_empty_space height=&#8221;15px&#8221;][\/ult_animation_block][ult_animation_block animation=&#8221;fadeInUp&#8221; animation_duration=&#8221;1&#8243; animation_delay=&#8221;0.3&#8243; animation_iteration_count=&#8221;1&#8243;][vc_row_inner][vc_column_inner width=&#8221;1\/2&#8243;][icon_counter border_size=&#8221;1&#8243; border_color=&#8221;#212121&#8243; icon=&#8221;Defaults-pencil&#8221; icon_size=&#8221;38&#8243; icon_color=&#8221;#ffffff&#8221; text_color=&#8221;#ffffff&#8221; bg_color=&#8221;#212121&#8243; block_title_front=&#8221;PROJETO&#8221; block_title_back=&#8221;PROJETO&#8221; block_desc_back=&#8221;Projeto completo para data center.&#8221; cont_align=&#8221;on&#8221; title_font=&#8221;font_family:Poppins|font_call:Poppins|variant:600&#8243; title_font_style=&#8221;font-weight:600;&#8221; desc_font=&#8221;font_family:Open Sans|font_call:Open+Sans&#8221; desc_font_style=&#8221;font-weight:500;&#8221; title_font_size=&#8221;desktop:17px;&#8221; desc_font_size=&#8221;desktop:12px;&#8221; desc_font_line_height=&#8221;desktop:20px;&#8221; title_font_line_height=&#8221;desktop:18px;&#8221;][\/vc_column_inner][vc_column_inner width=&#8221;1\/2&#8243;][icon_counter border_size=&#8221;1&#8243; border_color=&#8221;__USE_THEME_MAIN_COLOR__&#8221; icon=&#8221;Defaults-certificate&#8221; icon_size=&#8221;38&#8243; icon_color=&#8221;#ffffff&#8221; text_color=&#8221;#ffffff&#8221; bg_color=&#8221;__USE_THEME_MAIN_COLOR__&#8221; block_title_front=&#8221;CERTIFICA\u00c7\u00c3O&#8221; block_title_back=&#8221;CERTIFICA\u00c7\u00c3O&#8221; block_desc_back=&#8221;Processo completo de certifica\u00e7\u00e3o.&#8221; cont_align=&#8221;on&#8221; title_font=&#8221;font_family:Poppins|font_call:Poppins|variant:600&#8243; title_font_style=&#8221;font-weight:600;&#8221; desc_font=&#8221;font_family:Open Sans|font_call:Open+Sans&#8221; desc_font_style=&#8221;font-weight:500;&#8221; title_font_size=&#8221;desktop:17px;&#8221; desc_font_size=&#8221;desktop:12px;&#8221; desc_font_line_height=&#8221;desktop:20px;&#8221;][\/vc_column_inner][\/vc_row_inner][\/ult_animation_block][\/vc_column][\/vc_row][vc_row css=&#8221;.vc_custom_1525703964757{padding-top: 100px !important;padding-bottom: 100px !important;}&#8221;][vc_column width=&#8221;1\/6&#8243; css=&#8221;.vc_custom_1476030875969{padding-right: 20px !important;}&#8221;][\/vc_column][vc_column width=&#8221;2\/3&#8243;][vc_custom_heading text=&#8221;Solicite j\u00e1 seu atendimento!&#8221; font_container=&#8221;tag:h3|text_align:center|color:__USE_THEME_MAIN_COLOR__&#8221; use_theme_fonts=&#8221;yes&#8221; el_class=&#8221;no-letter-spacing&#8221;][vc_custom_heading text=&#8221;Envie seus dados que n\u00f3s retornaremos para voc\u00ea.&#8221; font_container=&#8221;tag:h2|text_align:center&#8221; use_theme_fonts=&#8221;yes&#8221; el_class=&#8221;no-letter-spacing&#8221;][vc_empty_space height=&#8221;15px&#8221;][vc_empty_space height=&#8221;5px&#8221;][vc_btn title=&#8221;CADASTRAR&#8221; style=&#8221;outline-custom&#8221; outline_custom_color=&#8221;#212121&#8243; outline_custom_hover_background=&#8221;#212121&#8243; outline_custom_hover_text=&#8221;#ffffff&#8221; shape=&#8221;square&#8221; align=&#8221;center&#8221; link=&#8221;url:https%3A%2F%2Fdcsservice.com.br%2Fcontato-contato%2F|||&#8221;][\/vc_column][vc_column width=&#8221;1\/6&#8243;][\/vc_column][\/vc_row]<\/p>\n","protected":false},"excerpt":{"rendered":"<p>[vc_row css=&#8221;.vc_custom_1554641537919{padding-top: 120px !important;padding-bottom: 120px !important;}&#8221;][vc_column][vc_column_text]O Projeto de Detec\u00e7\u00e3o e Alarme de Inc\u00eandio tem como objetivo a detec\u00e7\u00e3o e alarme de qualquer princ\u00edpio de inc\u00eandio, permitindo uma a\u00e7\u00e3o eficiente e minimizando perdas e preju\u00edzos no caso de um sinistro nas \u00e1reas f\u00edsicas abrangidas pelo sistema. Tendo em vista se tratar de um ambiente de alta [&hellip;]<\/p>\n","protected":false},"author":4,"featured_media":0,"parent":0,"menu_order":0,"comment_status":"closed","ping_status":"closed","template":"page.php","meta":{"footnotes":""},"class_list":["post-12250","page","type-page","status-publish","hentry"],"_links":{"self":[{"href":"https:\/\/www.dcsservice.com.br\/index.php?rest_route=\/wp\/v2\/pages\/12250","targetHints":{"allow":["GET"]}}],"collection":[{"href":"https:\/\/www.dcsservice.com.br\/index.php?rest_route=\/wp\/v2\/pages"}],"about":[{"href":"https:\/\/www.dcsservice.com.br\/index.php?rest_route=\/wp\/v2\/types\/page"}],"author":[{"embeddable":true,"href":"https:\/\/www.dcsservice.com.br\/index.php?rest_route=\/wp\/v2\/users\/4"}],"replies":[{"embeddable":true,"href":"https:\/\/www.dcsservice.com.br\/index.php?rest_route=%2Fwp%2Fv2%2Fcomments&post=12250"}],"version-history":[{"count":0,"href":"https:\/\/www.dcsservice.com.br\/index.php?rest_route=\/wp\/v2\/pages\/12250\/revisions"}],"wp:attachment":[{"href":"https:\/\/www.dcsservice.com.br\/index.php?rest_route=%2Fwp%2Fv2%2Fmedia&parent=12250"}],"curies":[{"name":"wp","href":"https:\/\/api.w.org\/{rel}","templated":true}]}}