{"id":12249,"date":"2019-04-07T11:23:53","date_gmt":"2019-04-07T14:23:53","guid":{"rendered":"http:\/\/\/\/dcsservice.com.br\/4-fatores-essenciais-2-8\/"},"modified":"2022-02-02T20:07:48","modified_gmt":"2022-02-02T23:07:48","slug":"ambiente-fisico-monitor","status":"publish","type":"page","link":"https:\/\/www.dcsservice.com.br\/?page_id=12249","title":{"rendered":"MONITORAMENTO DE AMBIENTE F\u00cdSICO"},"content":{"rendered":"<p>[vc_row css=&#8221;.vc_custom_1554641537919{padding-top: 120px !important;padding-bottom: 120px !important;}&#8221;][vc_column][vc_column_text]Os sistemas de monitoramento atuais podem ser projetados e configurados de acordo com as necessidades de seguran\u00e7a de seu data center. Dessa forma, eles estar\u00e3o prontos para o caso de poss\u00edveis acidentes, podendo estar inclusas especifica\u00e7\u00f5es de monitoramento para racks, que s\u00e3o considerados mais cr\u00edticos e que t\u00eam requisitos pr\u00f3prios, exigindo uma estrat\u00e9gia de monitoramento que pode incluir diversos pontos de coleta de dados.<\/p>\n<p>As amea\u00e7as a um data center podem ter origem digital, como falha de software, ou car\u00e1ter f\u00edsico, causando efeitos negativos na infraestrutura.<\/p>\n<p>As amea\u00e7as f\u00edsicas tamb\u00e9m podem ser problemas de energia e refrigera\u00e7\u00e3o, falha ou a\u00e7\u00e3o humana proposital, inc\u00eandio, vazamentos, qualidade do ar e etc. Essas amea\u00e7as s\u00e3o constantemente monitoradas por recursos integrados.<\/p>\n<p>Nas unidades de refrigera\u00e7\u00e3o, as temperaturas e umidade de entrada e sa\u00edda no ambiente s\u00e3o monitoradas atrav\u00e9s de sensores, que detectam a presen\u00e7a de fuma\u00e7a ou de calor. Sendo monitoradas pela\u00a0<strong>DCS Service<\/strong>, tais amea\u00e7as n\u00e3o exigem qualquer especialidade do usu\u00e1rio de TI ou planejamento para ser gerenciada com efici\u00eancia.<\/p>\n<h3>EXEMPLOS DE MONITORAMENTO DE AMBIENTE<\/h3>\n<ul class=\"gkBullet4\">\n<li><strong>Temperatura do ar<\/strong>\u00a0&#8211; A temperatura do ar acima da especifica\u00e7\u00e3o e\/ou com altera\u00e7\u00e3o dr\u00e1stica resulta em falha do equipamento e a redu\u00e7\u00e3o da sua vida \u00fatil. Os danos podem ser evitados com a utiliza\u00e7\u00e3o de sensores de temperatura.<\/li>\n<li><strong>Umidade<\/strong>\u00a0&#8211; A forma\u00e7\u00e3o de condensa\u00e7\u00e3o em pontos de umidade alta ou acumula\u00e7\u00e3o de eletricidade est\u00e1tica em pontos de umidade baixa podem ocasionar falhas de equipamento. Os danos podem ser evitados com a utiliza\u00e7\u00e3o de sensores de umidade.<\/li>\n<li><strong>Vazamento de l\u00edquidos<\/strong>\u00a0&#8211; Danos causados por l\u00edquidos em pisos, cabeamento e equipamento. Os danos podem ser evitados com a utiliza\u00e7\u00e3o de sensores de cabo de fuga e sensores de vazamento pontual.<\/li>\n<li><strong>Falha humana e acesso de pessoal<\/strong>\u00a0&#8211; O acesso n\u00e3o autorizado de pessoal ou o acesso de pessoal sem treinamento adequado ocasiona danos no equipamento, perda de dados e inatividade do equipamento. Os danos podem ser evitados com a utiliza\u00e7\u00e3o de c\u00e2meras de v\u00eddeo digital, sensores de movimento e controle de portas.<\/li>\n<li><strong>Fuma\u00e7a e inc\u00eandio<\/strong>\u00a0&#8211; Ocasiona falha do equipamento e perda de ativos e de dados. Os danos podem ser evitados com a utiliza\u00e7\u00e3o de sensores de fuma\u00e7a e sistemas complementares.<\/li>\n<\/ul>\n<p>[\/vc_column_text][\/vc_column][\/vc_row][vc_row bg_type=&#8221;image&#8221; parallax_style=&#8221;vcpb-vz-jquery&#8221; bg_image_new=&#8221;id^12187|url^http:\/\/\/\/dcsservice.com.br\/wp-content\/uploads\/2019\/04\/data_fundo_inst.jpg|caption^null|alt^null|title^data_fundo_inst|description^null&#8221; bg_image_repeat=&#8221;no-repeat&#8221; bg_override=&#8221;ex-full&#8221; css=&#8221;.vc_custom_1554486038536{padding-top: 120px !important;padding-bottom: 120px !important;}&#8221;][vc_column width=&#8221;1\/2&#8243;][\/vc_column][vc_column width=&#8221;1\/2&#8243;][ult_animation_block animation=&#8221;fadeInUp&#8221; animation_duration=&#8221;1&#8243; animation_delay=&#8221;0.3&#8243; animation_iteration_count=&#8221;1&#8243;][vc_row_inner][vc_column_inner width=&#8221;1\/2&#8243;][icon_counter border_size=&#8221;1&#8243; border_color=&#8221;__USE_THEME_MAIN_COLOR__&#8221; icon=&#8221;Defaults-wrench&#8221; icon_size=&#8221;38&#8243; icon_color=&#8221;#ffffff&#8221; text_color=&#8221;#ffffff&#8221; desc_color=&#8221;#ffffff&#8221; bg_color=&#8221;__USE_THEME_MAIN_COLOR__&#8221; block_title_front=&#8221;MANUTEN\u00c7\u00c3O&#8221; block_title_back=&#8221;MANUTEN\u00c7AO&#8221; block_desc_back=&#8221;Projeto e execu\u00e7\u00e3o de manuten\u00e7\u00f5es em data centers.&#8221; cont_align=&#8221;on&#8221; title_font=&#8221;font_family:Poppins|font_call:Poppins|variant:600&#8243; title_font_style=&#8221;font-weight:600;&#8221; desc_font=&#8221;font_family:Open Sans|font_call:Open+Sans&#8221; desc_font_style=&#8221;font-weight:500;&#8221; title_font_size=&#8221;desktop:16px;&#8221; desc_font_size=&#8221;desktop:12px;&#8221; desc_font_line_height=&#8221;desktop:20px;&#8221;][\/vc_column_inner][vc_column_inner width=&#8221;1\/2&#8243;][icon_counter border_size=&#8221;1&#8243; border_color=&#8221;#212121&#8243; icon=&#8221;Defaults-star&#8221; icon_size=&#8221;38&#8243; icon_color=&#8221;#ffffff&#8221; text_color=&#8221;#ffffff&#8221; bg_color=&#8221;#212121&#8243; block_title_front=&#8221;IMPLANTA\u00c7\u00c3O&#8221; block_title_back=&#8221;IMPLANTA\u00c7\u00c3O&#8221; block_desc_back=&#8221;Seu data center entregue e funcionando.&#8221; cont_align=&#8221;on&#8221; title_font=&#8221;font_family:Poppins|font_call:Poppins|variant:600&#8243; title_font_style=&#8221;font-weight:600;&#8221; desc_font=&#8221;font_family:Open Sans|font_call:Open+Sans&#8221; desc_font_style=&#8221;font-weight:500;&#8221; title_font_size=&#8221;desktop:17px;&#8221; desc_font_size=&#8221;desktop:12px;&#8221; desc_font_line_height=&#8221;desktop:20px;&#8221;][\/vc_column_inner][\/vc_row_inner][vc_empty_space height=&#8221;15px&#8221;][\/ult_animation_block][ult_animation_block animation=&#8221;fadeInUp&#8221; animation_duration=&#8221;1&#8243; animation_delay=&#8221;0.3&#8243; animation_iteration_count=&#8221;1&#8243;][vc_row_inner][vc_column_inner width=&#8221;1\/2&#8243;][icon_counter border_size=&#8221;1&#8243; border_color=&#8221;#212121&#8243; icon=&#8221;Defaults-pencil&#8221; icon_size=&#8221;38&#8243; icon_color=&#8221;#ffffff&#8221; text_color=&#8221;#ffffff&#8221; bg_color=&#8221;#212121&#8243; block_title_front=&#8221;PROJETO&#8221; block_title_back=&#8221;PROJETO&#8221; block_desc_back=&#8221;Projeto completo para data center.&#8221; cont_align=&#8221;on&#8221; title_font=&#8221;font_family:Poppins|font_call:Poppins|variant:600&#8243; title_font_style=&#8221;font-weight:600;&#8221; desc_font=&#8221;font_family:Open Sans|font_call:Open+Sans&#8221; desc_font_style=&#8221;font-weight:500;&#8221; title_font_size=&#8221;desktop:17px;&#8221; desc_font_size=&#8221;desktop:12px;&#8221; desc_font_line_height=&#8221;desktop:20px;&#8221; title_font_line_height=&#8221;desktop:18px;&#8221;][\/vc_column_inner][vc_column_inner width=&#8221;1\/2&#8243;][icon_counter border_size=&#8221;1&#8243; border_color=&#8221;__USE_THEME_MAIN_COLOR__&#8221; icon=&#8221;Defaults-certificate&#8221; icon_size=&#8221;38&#8243; icon_color=&#8221;#ffffff&#8221; text_color=&#8221;#ffffff&#8221; bg_color=&#8221;__USE_THEME_MAIN_COLOR__&#8221; block_title_front=&#8221;CERTIFICA\u00c7\u00c3O&#8221; block_title_back=&#8221;CERTIFICA\u00c7\u00c3O&#8221; block_desc_back=&#8221;Processo completo de certifica\u00e7\u00e3o.&#8221; cont_align=&#8221;on&#8221; title_font=&#8221;font_family:Poppins|font_call:Poppins|variant:600&#8243; title_font_style=&#8221;font-weight:600;&#8221; desc_font=&#8221;font_family:Open Sans|font_call:Open+Sans&#8221; desc_font_style=&#8221;font-weight:500;&#8221; title_font_size=&#8221;desktop:17px;&#8221; desc_font_size=&#8221;desktop:12px;&#8221; desc_font_line_height=&#8221;desktop:20px;&#8221;][\/vc_column_inner][\/vc_row_inner][\/ult_animation_block][\/vc_column][\/vc_row][vc_row css=&#8221;.vc_custom_1525703964757{padding-top: 100px !important;padding-bottom: 100px !important;}&#8221;][vc_column width=&#8221;1\/6&#8243; css=&#8221;.vc_custom_1476030875969{padding-right: 20px !important;}&#8221;][\/vc_column][vc_column width=&#8221;2\/3&#8243;][vc_custom_heading text=&#8221;Solicite j\u00e1 seu atendimento!&#8221; font_container=&#8221;tag:h3|text_align:center|color:__USE_THEME_MAIN_COLOR__&#8221; use_theme_fonts=&#8221;yes&#8221; el_class=&#8221;no-letter-spacing&#8221;][vc_custom_heading text=&#8221;Envie seus dados que n\u00f3s retornaremos para voc\u00ea.&#8221; font_container=&#8221;tag:h2|text_align:center&#8221; use_theme_fonts=&#8221;yes&#8221; el_class=&#8221;no-letter-spacing&#8221;][vc_empty_space height=&#8221;15px&#8221;][vc_empty_space height=&#8221;5px&#8221;][vc_btn title=&#8221;CADASTRAR&#8221; style=&#8221;outline-custom&#8221; outline_custom_color=&#8221;#212121&#8243; outline_custom_hover_background=&#8221;#212121&#8243; outline_custom_hover_text=&#8221;#ffffff&#8221; shape=&#8221;square&#8221; align=&#8221;center&#8221; link=&#8221;url:https%3A%2F%2Fdcsservice.com.br%2Fcontato-contato%2F|||&#8221;][\/vc_column][vc_column width=&#8221;1\/6&#8243;][\/vc_column][\/vc_row]<\/p>\n","protected":false},"excerpt":{"rendered":"<p>[vc_row css=&#8221;.vc_custom_1554641537919{padding-top: 120px !important;padding-bottom: 120px !important;}&#8221;][vc_column][vc_column_text]Os sistemas de monitoramento atuais podem ser projetados e configurados de acordo com as necessidades de seguran\u00e7a de seu data center. Dessa forma, eles estar\u00e3o prontos para o caso de poss\u00edveis acidentes, podendo estar inclusas especifica\u00e7\u00f5es de monitoramento para racks, que s\u00e3o considerados mais cr\u00edticos e que t\u00eam requisitos pr\u00f3prios, [&hellip;]<\/p>\n","protected":false},"author":4,"featured_media":12660,"parent":0,"menu_order":0,"comment_status":"closed","ping_status":"closed","template":"page.php","meta":{"footnotes":""},"class_list":["post-12249","page","type-page","status-publish","has-post-thumbnail","hentry"],"_links":{"self":[{"href":"https:\/\/www.dcsservice.com.br\/index.php?rest_route=\/wp\/v2\/pages\/12249","targetHints":{"allow":["GET"]}}],"collection":[{"href":"https:\/\/www.dcsservice.com.br\/index.php?rest_route=\/wp\/v2\/pages"}],"about":[{"href":"https:\/\/www.dcsservice.com.br\/index.php?rest_route=\/wp\/v2\/types\/page"}],"author":[{"embeddable":true,"href":"https:\/\/www.dcsservice.com.br\/index.php?rest_route=\/wp\/v2\/users\/4"}],"replies":[{"embeddable":true,"href":"https:\/\/www.dcsservice.com.br\/index.php?rest_route=%2Fwp%2Fv2%2Fcomments&post=12249"}],"version-history":[{"count":0,"href":"https:\/\/www.dcsservice.com.br\/index.php?rest_route=\/wp\/v2\/pages\/12249\/revisions"}],"wp:featuredmedia":[{"embeddable":true,"href":"https:\/\/www.dcsservice.com.br\/index.php?rest_route=\/wp\/v2\/media\/12660"}],"wp:attachment":[{"href":"https:\/\/www.dcsservice.com.br\/index.php?rest_route=%2Fwp%2Fv2%2Fmedia&parent=12249"}],"curies":[{"name":"wp","href":"https:\/\/api.w.org\/{rel}","templated":true}]}}