{"id":12245,"date":"2019-04-07T11:23:07","date_gmt":"2019-04-07T14:23:07","guid":{"rendered":"http:\/\/\/\/dcsservice.com.br\/4-fatores-essenciais-2-4\/"},"modified":"2022-02-02T20:10:40","modified_gmt":"2022-02-02T23:10:40","slug":"rede-rede-dcs","status":"publish","type":"page","link":"https:\/\/www.dcsservice.com.br\/?page_id=12245","title":{"rendered":"REDE"},"content":{"rendered":"<p>[vc_row css=&#8221;.vc_custom_1554641537919{padding-top: 120px !important;padding-bottom: 120px !important;}&#8221;][vc_column][vc_column_text]Os cabos UTPs e Fibras \u00d3pticas do ambiente de alta disponibilidade dever\u00e3o ser encaminhados sob o piso elevado utilizando-se eletrocalhas afastadas do piso t\u00e9cnico para prote\u00e7\u00e3o do cabeamento em caso de alagamento. Esse encaminhamento deve ser projetado, juntamente com o especialista do projeto de ar de precis\u00e3o down flow, para gerar o menor impacto no desempenho do mesmo. \u00c9 fundamental que seja contemplado um RACK ABERTO com guias laterais para acomoda\u00e7\u00e3o de cabeamento de espelhamento entre RACKS do data center e switches. Esse espelhamento \u00e9 de suma import\u00e2ncia para facilitar movimenta\u00e7\u00f5es com o menor impacto na organiza\u00e7\u00e3o e mitiga\u00e7\u00e3o de risco.[\/vc_column_text][\/vc_column][\/vc_row][vc_row bg_type=&#8221;image&#8221; parallax_style=&#8221;vcpb-vz-jquery&#8221; bg_image_new=&#8221;id^12187|url^http:\/\/\/\/dcsservice.com.br\/wp-content\/uploads\/2019\/04\/data_fundo_inst.jpg|caption^null|alt^null|title^data_fundo_inst|description^null&#8221; bg_image_repeat=&#8221;no-repeat&#8221; bg_override=&#8221;ex-full&#8221; css=&#8221;.vc_custom_1554486038536{padding-top: 120px !important;padding-bottom: 120px !important;}&#8221;][vc_column width=&#8221;1\/2&#8243;][\/vc_column][vc_column width=&#8221;1\/2&#8243;][ult_animation_block animation=&#8221;fadeInUp&#8221; animation_duration=&#8221;1&#8243; animation_delay=&#8221;0.3&#8243; animation_iteration_count=&#8221;1&#8243;][vc_row_inner][vc_column_inner width=&#8221;1\/2&#8243;][icon_counter border_size=&#8221;1&#8243; border_color=&#8221;__USE_THEME_MAIN_COLOR__&#8221; icon=&#8221;Defaults-wrench&#8221; icon_size=&#8221;38&#8243; icon_color=&#8221;#ffffff&#8221; text_color=&#8221;#ffffff&#8221; desc_color=&#8221;#ffffff&#8221; bg_color=&#8221;__USE_THEME_MAIN_COLOR__&#8221; block_title_front=&#8221;MANUTEN\u00c7\u00c3O&#8221; block_title_back=&#8221;MANUTEN\u00c7AO&#8221; block_desc_back=&#8221;Projeto e execu\u00e7\u00e3o de manuten\u00e7\u00f5es em data centers.&#8221; cont_align=&#8221;on&#8221; title_font=&#8221;font_family:Poppins|font_call:Poppins|variant:600&#8243; title_font_style=&#8221;font-weight:600;&#8221; desc_font=&#8221;font_family:Open Sans|font_call:Open+Sans&#8221; desc_font_style=&#8221;font-weight:500;&#8221; title_font_size=&#8221;desktop:16px;&#8221; desc_font_size=&#8221;desktop:12px;&#8221; desc_font_line_height=&#8221;desktop:20px;&#8221;][\/vc_column_inner][vc_column_inner width=&#8221;1\/2&#8243;][icon_counter border_size=&#8221;1&#8243; border_color=&#8221;#212121&#8243; icon=&#8221;Defaults-star&#8221; icon_size=&#8221;38&#8243; icon_color=&#8221;#ffffff&#8221; text_color=&#8221;#ffffff&#8221; bg_color=&#8221;#212121&#8243; block_title_front=&#8221;IMPLANTA\u00c7\u00c3O&#8221; block_title_back=&#8221;IMPLANTA\u00c7\u00c3O&#8221; block_desc_back=&#8221;Seu data center entregue e funcionando.&#8221; cont_align=&#8221;on&#8221; title_font=&#8221;font_family:Poppins|font_call:Poppins|variant:600&#8243; title_font_style=&#8221;font-weight:600;&#8221; desc_font=&#8221;font_family:Open Sans|font_call:Open+Sans&#8221; desc_font_style=&#8221;font-weight:500;&#8221; title_font_size=&#8221;desktop:17px;&#8221; desc_font_size=&#8221;desktop:12px;&#8221; desc_font_line_height=&#8221;desktop:20px;&#8221;][\/vc_column_inner][\/vc_row_inner][vc_empty_space height=&#8221;15px&#8221;][\/ult_animation_block][ult_animation_block animation=&#8221;fadeInUp&#8221; animation_duration=&#8221;1&#8243; animation_delay=&#8221;0.3&#8243; animation_iteration_count=&#8221;1&#8243;][vc_row_inner][vc_column_inner width=&#8221;1\/2&#8243;][icon_counter border_size=&#8221;1&#8243; border_color=&#8221;#212121&#8243; icon=&#8221;Defaults-pencil&#8221; icon_size=&#8221;38&#8243; icon_color=&#8221;#ffffff&#8221; text_color=&#8221;#ffffff&#8221; bg_color=&#8221;#212121&#8243; block_title_front=&#8221;PROJETO&#8221; block_title_back=&#8221;PROJETO&#8221; block_desc_back=&#8221;Projeto completo para data center.&#8221; cont_align=&#8221;on&#8221; title_font=&#8221;font_family:Poppins|font_call:Poppins|variant:600&#8243; title_font_style=&#8221;font-weight:600;&#8221; desc_font=&#8221;font_family:Open Sans|font_call:Open+Sans&#8221; desc_font_style=&#8221;font-weight:500;&#8221; title_font_size=&#8221;desktop:17px;&#8221; desc_font_size=&#8221;desktop:12px;&#8221; desc_font_line_height=&#8221;desktop:20px;&#8221; title_font_line_height=&#8221;desktop:18px;&#8221;][\/vc_column_inner][vc_column_inner width=&#8221;1\/2&#8243;][icon_counter border_size=&#8221;1&#8243; border_color=&#8221;__USE_THEME_MAIN_COLOR__&#8221; icon=&#8221;Defaults-certificate&#8221; icon_size=&#8221;38&#8243; icon_color=&#8221;#ffffff&#8221; text_color=&#8221;#ffffff&#8221; bg_color=&#8221;__USE_THEME_MAIN_COLOR__&#8221; block_title_front=&#8221;CERTIFICA\u00c7\u00c3O&#8221; block_title_back=&#8221;CERTIFICA\u00c7\u00c3O&#8221; block_desc_back=&#8221;Processo completo de certifica\u00e7\u00e3o.&#8221; cont_align=&#8221;on&#8221; title_font=&#8221;font_family:Poppins|font_call:Poppins|variant:600&#8243; title_font_style=&#8221;font-weight:600;&#8221; desc_font=&#8221;font_family:Open Sans|font_call:Open+Sans&#8221; desc_font_style=&#8221;font-weight:500;&#8221; title_font_size=&#8221;desktop:17px;&#8221; desc_font_size=&#8221;desktop:12px;&#8221; desc_font_line_height=&#8221;desktop:20px;&#8221;][\/vc_column_inner][\/vc_row_inner][\/ult_animation_block][\/vc_column][\/vc_row][vc_row css=&#8221;.vc_custom_1525703964757{padding-top: 100px !important;padding-bottom: 100px !important;}&#8221;][vc_column width=&#8221;1\/6&#8243; css=&#8221;.vc_custom_1476030875969{padding-right: 20px !important;}&#8221;][\/vc_column][vc_column width=&#8221;2\/3&#8243;][vc_custom_heading text=&#8221;Solicite j\u00e1 seu atendimento!&#8221; font_container=&#8221;tag:h3|text_align:center|color:__USE_THEME_MAIN_COLOR__&#8221; use_theme_fonts=&#8221;yes&#8221; el_class=&#8221;no-letter-spacing&#8221;][vc_custom_heading text=&#8221;Envie seus dados que n\u00f3s retornaremos para voc\u00ea.&#8221; font_container=&#8221;tag:h2|text_align:center&#8221; use_theme_fonts=&#8221;yes&#8221; el_class=&#8221;no-letter-spacing&#8221;][vc_empty_space height=&#8221;15px&#8221;][vc_empty_space height=&#8221;5px&#8221;][vc_btn title=&#8221;CADASTRAR&#8221; style=&#8221;outline-custom&#8221; outline_custom_color=&#8221;#212121&#8243; outline_custom_hover_background=&#8221;#212121&#8243; outline_custom_hover_text=&#8221;#ffffff&#8221; shape=&#8221;square&#8221; align=&#8221;center&#8221; link=&#8221;url:https%3A%2F%2Fdcsservice.com.br%2Fcontato-contato%2F|||&#8221;][\/vc_column][vc_column width=&#8221;1\/6&#8243;][\/vc_column][\/vc_row]<\/p>\n","protected":false},"excerpt":{"rendered":"<p>[vc_row css=&#8221;.vc_custom_1554641537919{padding-top: 120px !important;padding-bottom: 120px !important;}&#8221;][vc_column][vc_column_text]Os cabos UTPs e Fibras \u00d3pticas do ambiente de alta disponibilidade dever\u00e3o ser encaminhados sob o piso elevado utilizando-se eletrocalhas afastadas do piso t\u00e9cnico para prote\u00e7\u00e3o do cabeamento em caso de alagamento. Esse encaminhamento deve ser projetado, juntamente com o especialista do projeto de ar de precis\u00e3o down flow, para [&hellip;]<\/p>\n","protected":false},"author":4,"featured_media":12662,"parent":0,"menu_order":0,"comment_status":"closed","ping_status":"closed","template":"page.php","meta":{"footnotes":""},"class_list":["post-12245","page","type-page","status-publish","has-post-thumbnail","hentry"],"_links":{"self":[{"href":"https:\/\/www.dcsservice.com.br\/index.php?rest_route=\/wp\/v2\/pages\/12245","targetHints":{"allow":["GET"]}}],"collection":[{"href":"https:\/\/www.dcsservice.com.br\/index.php?rest_route=\/wp\/v2\/pages"}],"about":[{"href":"https:\/\/www.dcsservice.com.br\/index.php?rest_route=\/wp\/v2\/types\/page"}],"author":[{"embeddable":true,"href":"https:\/\/www.dcsservice.com.br\/index.php?rest_route=\/wp\/v2\/users\/4"}],"replies":[{"embeddable":true,"href":"https:\/\/www.dcsservice.com.br\/index.php?rest_route=%2Fwp%2Fv2%2Fcomments&post=12245"}],"version-history":[{"count":0,"href":"https:\/\/www.dcsservice.com.br\/index.php?rest_route=\/wp\/v2\/pages\/12245\/revisions"}],"wp:featuredmedia":[{"embeddable":true,"href":"https:\/\/www.dcsservice.com.br\/index.php?rest_route=\/wp\/v2\/media\/12662"}],"wp:attachment":[{"href":"https:\/\/www.dcsservice.com.br\/index.php?rest_route=%2Fwp%2Fv2%2Fmedia&parent=12245"}],"curies":[{"name":"wp","href":"https:\/\/api.w.org\/{rel}","templated":true}]}}