{"id":12244,"date":"2019-04-07T11:23:02","date_gmt":"2019-04-07T14:23:02","guid":{"rendered":"http:\/\/\/\/dcsservice.com.br\/4-fatores-essenciais-2-3\/"},"modified":"2022-02-02T20:11:26","modified_gmt":"2022-02-02T23:11:26","slug":"climatizacao-clima-data","status":"publish","type":"page","link":"https:\/\/www.dcsservice.com.br\/?page_id=12244","title":{"rendered":"CLIMATIZA\u00c7\u00c3O"},"content":{"rendered":"<p>[vc_row css=&#8221;.vc_custom_1554641537919{padding-top: 120px !important;padding-bottom: 120px !important;}&#8221;][vc_column][vc_column_text]O Projeto do Sistema de Climatiza\u00e7\u00e3o deve ser elaborado em fun\u00e7\u00e3o das necessidades de seguran\u00e7a tendo em vista se tratar de um ambiente de alta disponibilidade e uma instala\u00e7\u00e3o de miss\u00e3o cr\u00edtica, tendo como premissa a adequada climatiza\u00e7\u00e3o dos ambientes e equipamentos instalados no data center. No projeto devem ser considerados ainda os aspectos de redund\u00e2ncia, automatiza\u00e7\u00e3o e alta disponibilidade que o ambiente exige.<\/p>\n<p>Para elabora\u00e7\u00e3o do projeto devem ser consideradas tamb\u00e9m as premissas fornecidas pelo cliente, o tipo de utiliza\u00e7\u00e3o prevista, as especifica\u00e7\u00f5es t\u00e9cnicas e construtivas definidas nos projetos de arquitetura, instala\u00e7\u00f5es e outros dispon\u00edveis, bem como as normas t\u00e9cnicas aplic\u00e1veis.<\/p>\n<p>Deve se salientar que nos locais onde houver climatiza\u00e7\u00e3o, os equipamentos ser\u00e3o instalados sempre com redund\u00e2ncia e com os adequados dispositivos para automatiza\u00e7\u00e3o, tanto em opera\u00e7\u00e3o normal quanto nos eventos de falha, devendo o sistema de climatiza\u00e7\u00e3o estar preparado para a integra\u00e7\u00e3o com os demais subsistemas do data center, notadamente os dispositivos de monitoramento, energia e supress\u00e3o de inc\u00eandio. Neste \u00faltimo, ele deve ser sempre desligado e os dampers corta fogo fechados automaticamente antes do disparo do sistema de supress\u00e3o autom\u00e1tico.<\/p>\n<h3>CLIMATIZA\u00c7\u00c3O DE PRECIS\u00c3O<\/h3>\n<p>\u00c9 fortemente recomendada a utiliza\u00e7\u00e3o dessa solu\u00e7\u00e3o, visto que \u00e9 um sistema projetado para trabalhar neste ambiente, que requer controles e opera\u00e7\u00e3o cont\u00ednua. O sistema de Ar de Precis\u00e3o preferencialmente com insuflamento pelo piso (down-flow), possuindo todos os est\u00e1gios de tratamento de ar (resfriamento, desumidifica\u00e7\u00e3o, reaquecimento e umidifica\u00e7\u00e3o) deve ser sempre considerado. Deve se levar em conta a instala\u00e7\u00e3o na condi\u00e7\u00e3o n + m (p.e. 2+1 ou 6+2) para fins de redund\u00e2ncia, suplementa\u00e7\u00e3o e contingenciamento.<\/p>\n<h3>CLIMATIZA\u00c7\u00c3O DE CONFORTO<\/h3>\n<p>Deve se evitar essa solu\u00e7\u00e3o, por\u00e9m h\u00e1 situa\u00e7\u00f5es e caracter\u00edsticas que convergem para ela, neste caso devemos ter em mente que estamos fazendo um uso adaptado dos equipamentos, principalmente em rela\u00e7\u00e3o \u00e0 criticidade do ambiente que ele ir\u00e1 proteger e o esfor\u00e7o que ele ir\u00e1 ser submetido. Para minimizar o risco, no mercado existem dispositivos que tornam esses equipamentos gerenci\u00e1veis. O dimensionamento dos equipamentos deve ser muito bem estudado acrescendo margens de seguran\u00e7a para mitigar o risco. As demais premissas devem ser observadas como as da solu\u00e7\u00e3o do ar de precis\u00e3o.<\/p>\n<h3>CLIMATIZA\u00c7\u00c3O DE RACKS<\/h3>\n<p>A Climatiza\u00e7\u00e3o de Racks \u00e9 feita utilizando sistemas de refrigera\u00e7\u00e3o \u00e0 \u00e1gua (Liquid Cooling Package). Os sistemas funcionam de forma modular e s\u00e3o complementares aos sistemas de climatiza\u00e7\u00e3o ambiente. Com capacidade m\u00e1xima de refrigera\u00e7\u00e3o de 40kW por rack o sistema de climatiza\u00e7\u00e3o de racks instalado pela <strong>DCS Service<\/strong>\u00a0\u00e9 ideal para o resfriamento de hot spots.[\/vc_column_text][\/vc_column][\/vc_row][vc_row bg_type=&#8221;image&#8221; parallax_style=&#8221;vcpb-vz-jquery&#8221; bg_image_new=&#8221;id^12187|url^http:\/\/\/\/dcsservice.com.br\/wp-content\/uploads\/2019\/04\/data_fundo_inst.jpg|caption^null|alt^null|title^data_fundo_inst|description^null&#8221; bg_image_repeat=&#8221;no-repeat&#8221; bg_override=&#8221;ex-full&#8221; css=&#8221;.vc_custom_1554486038536{padding-top: 120px !important;padding-bottom: 120px !important;}&#8221;][vc_column width=&#8221;1\/2&#8243;][\/vc_column][vc_column width=&#8221;1\/2&#8243;][ult_animation_block animation=&#8221;fadeInUp&#8221; animation_duration=&#8221;1&#8243; animation_delay=&#8221;0.3&#8243; animation_iteration_count=&#8221;1&#8243;][vc_row_inner][vc_column_inner width=&#8221;1\/2&#8243;][icon_counter border_size=&#8221;1&#8243; border_color=&#8221;__USE_THEME_MAIN_COLOR__&#8221; icon=&#8221;Defaults-wrench&#8221; icon_size=&#8221;38&#8243; icon_color=&#8221;#ffffff&#8221; text_color=&#8221;#ffffff&#8221; desc_color=&#8221;#ffffff&#8221; bg_color=&#8221;__USE_THEME_MAIN_COLOR__&#8221; block_title_front=&#8221;MANUTEN\u00c7\u00c3O&#8221; block_title_back=&#8221;MANUTEN\u00c7AO&#8221; block_desc_back=&#8221;Projeto e execu\u00e7\u00e3o de manuten\u00e7\u00f5es em data centers.&#8221; cont_align=&#8221;on&#8221; title_font=&#8221;font_family:Poppins|font_call:Poppins|variant:600&#8243; title_font_style=&#8221;font-weight:600;&#8221; desc_font=&#8221;font_family:Open Sans|font_call:Open+Sans&#8221; desc_font_style=&#8221;font-weight:500;&#8221; title_font_size=&#8221;desktop:16px;&#8221; desc_font_size=&#8221;desktop:12px;&#8221; desc_font_line_height=&#8221;desktop:20px;&#8221;][\/vc_column_inner][vc_column_inner width=&#8221;1\/2&#8243;][icon_counter border_size=&#8221;1&#8243; border_color=&#8221;#212121&#8243; icon=&#8221;Defaults-star&#8221; icon_size=&#8221;38&#8243; icon_color=&#8221;#ffffff&#8221; text_color=&#8221;#ffffff&#8221; bg_color=&#8221;#212121&#8243; block_title_front=&#8221;IMPLANTA\u00c7\u00c3O&#8221; block_title_back=&#8221;IMPLANTA\u00c7\u00c3O&#8221; block_desc_back=&#8221;Seu data center entregue e funcionando.&#8221; cont_align=&#8221;on&#8221; title_font=&#8221;font_family:Poppins|font_call:Poppins|variant:600&#8243; title_font_style=&#8221;font-weight:600;&#8221; desc_font=&#8221;font_family:Open Sans|font_call:Open+Sans&#8221; desc_font_style=&#8221;font-weight:500;&#8221; title_font_size=&#8221;desktop:17px;&#8221; desc_font_size=&#8221;desktop:12px;&#8221; desc_font_line_height=&#8221;desktop:20px;&#8221;][\/vc_column_inner][\/vc_row_inner][vc_empty_space height=&#8221;15px&#8221;][\/ult_animation_block][ult_animation_block animation=&#8221;fadeInUp&#8221; animation_duration=&#8221;1&#8243; animation_delay=&#8221;0.3&#8243; animation_iteration_count=&#8221;1&#8243;][vc_row_inner][vc_column_inner width=&#8221;1\/2&#8243;][icon_counter border_size=&#8221;1&#8243; border_color=&#8221;#212121&#8243; icon=&#8221;Defaults-pencil&#8221; icon_size=&#8221;38&#8243; icon_color=&#8221;#ffffff&#8221; text_color=&#8221;#ffffff&#8221; bg_color=&#8221;#212121&#8243; block_title_front=&#8221;PROJETO&#8221; block_title_back=&#8221;PROJETO&#8221; block_desc_back=&#8221;Projeto completo para data center.&#8221; cont_align=&#8221;on&#8221; title_font=&#8221;font_family:Poppins|font_call:Poppins|variant:600&#8243; title_font_style=&#8221;font-weight:600;&#8221; desc_font=&#8221;font_family:Open Sans|font_call:Open+Sans&#8221; desc_font_style=&#8221;font-weight:500;&#8221; title_font_size=&#8221;desktop:17px;&#8221; desc_font_size=&#8221;desktop:12px;&#8221; desc_font_line_height=&#8221;desktop:20px;&#8221; title_font_line_height=&#8221;desktop:18px;&#8221;][\/vc_column_inner][vc_column_inner width=&#8221;1\/2&#8243;][icon_counter border_size=&#8221;1&#8243; border_color=&#8221;__USE_THEME_MAIN_COLOR__&#8221; icon=&#8221;Defaults-certificate&#8221; icon_size=&#8221;38&#8243; icon_color=&#8221;#ffffff&#8221; text_color=&#8221;#ffffff&#8221; bg_color=&#8221;__USE_THEME_MAIN_COLOR__&#8221; block_title_front=&#8221;CERTIFICA\u00c7\u00c3O&#8221; block_title_back=&#8221;CERTIFICA\u00c7\u00c3O&#8221; block_desc_back=&#8221;Processo completo de certifica\u00e7\u00e3o.&#8221; cont_align=&#8221;on&#8221; title_font=&#8221;font_family:Poppins|font_call:Poppins|variant:600&#8243; title_font_style=&#8221;font-weight:600;&#8221; desc_font=&#8221;font_family:Open Sans|font_call:Open+Sans&#8221; desc_font_style=&#8221;font-weight:500;&#8221; title_font_size=&#8221;desktop:17px;&#8221; desc_font_size=&#8221;desktop:12px;&#8221; desc_font_line_height=&#8221;desktop:20px;&#8221;][\/vc_column_inner][\/vc_row_inner][\/ult_animation_block][\/vc_column][\/vc_row][vc_row css=&#8221;.vc_custom_1525703964757{padding-top: 100px !important;padding-bottom: 100px !important;}&#8221;][vc_column width=&#8221;1\/6&#8243; css=&#8221;.vc_custom_1476030875969{padding-right: 20px !important;}&#8221;][\/vc_column][vc_column width=&#8221;2\/3&#8243;][vc_custom_heading text=&#8221;Solicite j\u00e1 seu atendimento!&#8221; font_container=&#8221;tag:h3|text_align:center|color:__USE_THEME_MAIN_COLOR__&#8221; use_theme_fonts=&#8221;yes&#8221; el_class=&#8221;no-letter-spacing&#8221;][vc_custom_heading text=&#8221;Envie seus dados que n\u00f3s retornaremos para voc\u00ea.&#8221; font_container=&#8221;tag:h2|text_align:center&#8221; use_theme_fonts=&#8221;yes&#8221; el_class=&#8221;no-letter-spacing&#8221;][vc_empty_space height=&#8221;15px&#8221;][vc_empty_space height=&#8221;5px&#8221;][vc_btn title=&#8221;CADASTRAR&#8221; style=&#8221;outline-custom&#8221; outline_custom_color=&#8221;#212121&#8243; outline_custom_hover_background=&#8221;#212121&#8243; outline_custom_hover_text=&#8221;#ffffff&#8221; shape=&#8221;square&#8221; align=&#8221;center&#8221; link=&#8221;url:https%3A%2F%2Fdcsservice.com.br%2Fcontato-contato%2F|||&#8221;][\/vc_column][vc_column width=&#8221;1\/6&#8243;][\/vc_column][\/vc_row]<\/p>\n","protected":false},"excerpt":{"rendered":"<p>[vc_row css=&#8221;.vc_custom_1554641537919{padding-top: 120px !important;padding-bottom: 120px !important;}&#8221;][vc_column][vc_column_text]O Projeto do Sistema de Climatiza\u00e7\u00e3o deve ser elaborado em fun\u00e7\u00e3o das necessidades de seguran\u00e7a tendo em vista se tratar de um ambiente de alta disponibilidade e uma instala\u00e7\u00e3o de miss\u00e3o cr\u00edtica, tendo como premissa a adequada climatiza\u00e7\u00e3o dos ambientes e equipamentos instalados no data center. No projeto devem ser [&hellip;]<\/p>\n","protected":false},"author":4,"featured_media":12663,"parent":0,"menu_order":0,"comment_status":"closed","ping_status":"closed","template":"page.php","meta":{"footnotes":""},"class_list":["post-12244","page","type-page","status-publish","has-post-thumbnail","hentry"],"_links":{"self":[{"href":"https:\/\/www.dcsservice.com.br\/index.php?rest_route=\/wp\/v2\/pages\/12244","targetHints":{"allow":["GET"]}}],"collection":[{"href":"https:\/\/www.dcsservice.com.br\/index.php?rest_route=\/wp\/v2\/pages"}],"about":[{"href":"https:\/\/www.dcsservice.com.br\/index.php?rest_route=\/wp\/v2\/types\/page"}],"author":[{"embeddable":true,"href":"https:\/\/www.dcsservice.com.br\/index.php?rest_route=\/wp\/v2\/users\/4"}],"replies":[{"embeddable":true,"href":"https:\/\/www.dcsservice.com.br\/index.php?rest_route=%2Fwp%2Fv2%2Fcomments&post=12244"}],"version-history":[{"count":0,"href":"https:\/\/www.dcsservice.com.br\/index.php?rest_route=\/wp\/v2\/pages\/12244\/revisions"}],"wp:featuredmedia":[{"embeddable":true,"href":"https:\/\/www.dcsservice.com.br\/index.php?rest_route=\/wp\/v2\/media\/12663"}],"wp:attachment":[{"href":"https:\/\/www.dcsservice.com.br\/index.php?rest_route=%2Fwp%2Fv2%2Fmedia&parent=12244"}],"curies":[{"name":"wp","href":"https:\/\/api.w.org\/{rel}","templated":true}]}}