{"id":12241,"date":"2019-04-07T11:20:20","date_gmt":"2019-04-07T14:20:20","guid":{"rendered":"http:\/\/\/\/dcsservice.com.br\/4-fatores-essenciais-2\/"},"modified":"2022-02-02T20:13:04","modified_gmt":"2022-02-02T23:13:04","slug":"energia-energia","status":"publish","type":"page","link":"https:\/\/www.dcsservice.com.br\/?page_id=12241","title":{"rendered":"ENERGIA"},"content":{"rendered":"<p>[vc_row css=&#8221;.vc_custom_1554641537919{padding-top: 120px !important;padding-bottom: 120px !important;}&#8221;][vc_column][vc_column_text]<\/p>\n<h3>PROJETO EL\u00c9TRICO<\/h3>\n<p>O Projeto do Sistema El\u00e9trico e de Aterramento obrigatoriamente \u00e9 elaborado em fun\u00e7\u00e3o das necessidades do fornecimento de energia el\u00e9trica de forma limpa, cont\u00ednua e ininterrupta. No encaminhamento dos cabos, dever\u00e1 levar em considera\u00e7\u00e3o a distribui\u00e7\u00e3o do sistema el\u00e9trico e dados no mesmo ambiente, observando tamb\u00e9m a passagem para o fluxo do ar de precis\u00e3o, quando existir climatiza\u00e7\u00e3o do tipo down flow. S\u00e3o considerados ainda os aspectos de redund\u00e2ncia, automatiza\u00e7\u00e3o e alta disponibilidade que o data center exige.<\/p>\n<p>\u00c9 recomendada a distribui\u00e7\u00e3o dual com 02 quadros estabilizados providos de disjuntores de troca r\u00e1pida do tipo plug-in, tomadas e cabos sob medida, cabos identificados e dispostos em eletrocalhas e eletrodutos para encaminhamento sob o piso elevado, utilizando-se eletrocalhas afastadas do piso t\u00e9cnico para prote\u00e7\u00e3o do cabeamento em caso de alagamento. Os circuitos de alimenta\u00e7\u00e3o dos RACKS dever\u00e3o ser instalados com tomadas tipo PLUG MACHO-F\u00caMEA da STECK, onde as mesmas dever\u00e3o estar acomodadas em caixa padr\u00e3o STECK. Para equipamentos de fonte \u00fanica deve prever o terceiro quadro com recurso de comuta\u00e7\u00e3o autom\u00e1tica entre os 02 quadros estabilizados.<\/p>\n<h3>SISTEMA DE ILUMINA\u00c7\u00c3O<\/h3>\n<p>Lumin\u00e1rias fluorescentes ou LED adequadas ao ambiente de TI. Com n\u00edvel de ilumina\u00e7\u00e3o m\u00ednimo de 500lux conforme a norma NBR-5413 (ABNT). Para a solu\u00e7\u00e3o de lumin\u00e1rias LED, as mesmas ser\u00e3o alimentadas pelo UPS, dispensando assim a necessidade de luz de emerg\u00eancia.<\/p>\n<h3>GRUPOS GERADORES DIESEL<\/h3>\n<p>Como sistema redundante para o fornecimento de energia da concession\u00e1ria, utilizamos a gera\u00e7\u00e3o pr\u00f3pria de energia el\u00e9trica atrav\u00e9s de grupos geradores de alta efici\u00eancia, assegurando maior durabilidade e confiabilidade em aplica\u00e7\u00f5es severas. Os grupos geradores s\u00e3o compostos por motores a diesel, acoplados a geradores de alta efici\u00eancia e montados sobre base met\u00e1lica, com acionamento autom\u00e1tico ou manual. Projetados para aplica\u00e7\u00f5es nos regimes de emerg\u00eancia ou hor\u00e1rio de ponta. Dispon\u00edveis nas vers\u00f5es Carenados e Silenciados.<\/p>\n<p>Compostos por uma unidade de monitora\u00e7\u00e3o e controle, tanque de combust\u00edvel, baterias de partida, amortecedores de vibra\u00e7\u00e3o, silenciadores e segmentos el\u00e1sticos para gases de descarga, bem como quadro de transfer\u00eancia entre as alimenta\u00e7\u00f5es. O sistema assume as cargas automaticamente. Portanto podem ser utilizados de forma singela ou em paralelo com outros grupos geradores.<\/p>\n<p>Os grupos de geradores ofertados pela <strong>DCS Service<\/strong>\u00a0s\u00e3o equipados com motores das grandes marcas internacionais de motores a diesel que proporcionam ao cliente a melhor rela\u00e7\u00e3o custo benef\u00edcio em cada faixa de pot\u00eancia.<\/p>\n<h3>UPS \u2013 UNINTERRUPTIBLE POWER SUPPLY \u201cNOBREAK\u201d<\/h3>\n<p>Projetados para a alimenta\u00e7\u00e3o de equipamentos eletr\u00f4nicos que toleram apenas milissegundos de interrup\u00e7\u00e3o. O sistema de UPS retifica a corrente alternada e mant\u00e9m carregadas as baterias para uma eventual utiliza\u00e7\u00e3o. Em caso de interrup\u00e7\u00e3o, um m\u00f3dulo \u201cinversor\u201d comp\u00f5e uma nova corrente alternada a partir da energia armazenada nas baterias. As baterias devem garantir autonomia entre 5 a 30 minutos de interrup\u00e7\u00e3o, tempo suficiente para o gerador assumir. Em casos especiais essa autonomia poder\u00e1 ser substancialmente aumentada com uso de bancos de baterias.<\/p>\n<p>O UPS deve permitir a escalabilidade e redund\u00e2ncia. Preferencialmente com sistema on-line de dupla convers\u00e3o senoidal trif\u00e1sico, transformador isolador, quando necess\u00e1rio, acionamento do BYPASS que pode ser manual e autom\u00e1tico. Deve tamb\u00e9m possuir alarmes audiovisuais, display inteligente, monitoramento remoto e interface para gerenciamento em rede.<\/p>\n<h3>UPS MODULARES<\/h3>\n<p>A <strong>DCS Service<\/strong>\u00a0realiza projetos de UPS Modulares: a modularidade permite o gradativo crescimento do data center, facilitando a cria\u00e7\u00e3o de futuros sistemas de redund\u00e2ncia.<\/p>\n<ul class=\"gkBullet4\">\n<li><strong>Quadro de Distribui\u00e7\u00e3o de Energia Comum<\/strong>\u00a0&#8211; A energia com a origem da concession\u00e1ria, transformador, QGBT ou gerador dever\u00e1 ser conectada a 01 (um) ou 02 (dois) quadros (usa-se 02 Quadros para a topologia de alimenta\u00e7\u00e3o el\u00e9trica fisicamente paralela a partir da gera\u00e7\u00e3o) de distribui\u00e7\u00e3o de energia comum os quais alimentar\u00e3o os UPSs, equipamentos de ar condicionados e outras utilidades que requeiram energia comum.<\/li>\n<li><strong>Quadro de Distribui\u00e7\u00e3o de Energia Estabilizado<\/strong>\u00a0&#8211; \u00c9 recomendada a distribui\u00e7\u00e3o dual (Redes de Alimenta\u00e7\u00e3o Fisicamente Paralelas) com 02 quadros estabilizados providos de disjuntores de troca r\u00e1pida do tipo plug-in, tomadas e cabos sob medida, cabos identificados e dispostos em eletrocalhas e eletrodutos para encaminhamento sob o piso elevado. Os circuitos de alimenta\u00e7\u00e3o dos RACKS dever\u00e3o ser instalados com tomadas tipo PLUG MACHO-F\u00caMEA da STECK, onde as mesmas dever\u00e3o estar acomodadas em caixa padr\u00e3o STECK. Para equipamentos de fonte \u00fanica deve prever o terceiro quadro com recurso de comuta\u00e7\u00e3o autom\u00e1tica entre os 02 quadros estabilizados.<\/li>\n<\/ul>\n<p>As topologias dos Quadros de Distribui\u00e7\u00e3o de Energia Comum e Estabiliza descrita acima configura em infraestrutura el\u00e9trica de alta disponibilidade (n+1): portanto, uma solu\u00e7\u00e3o de energia de alta disponibilidade precisa ser no m\u00ednimo redundante (n+1) em todos os componentes pass\u00edveis de falhas. Esta solu\u00e7\u00e3o admite redund\u00e2ncia em caso de paradas programadas ou n\u00e3o programadas de uma linha de alimenta\u00e7\u00e3o.[\/vc_column_text][\/vc_column][\/vc_row][vc_row bg_type=&#8221;image&#8221; parallax_style=&#8221;vcpb-vz-jquery&#8221; bg_image_new=&#8221;id^12187|url^http:\/\/\/\/dcsservice.com.br\/wp-content\/uploads\/2019\/04\/data_fundo_inst.jpg|caption^null|alt^null|title^data_fundo_inst|description^null&#8221; bg_image_repeat=&#8221;no-repeat&#8221; bg_override=&#8221;ex-full&#8221; css=&#8221;.vc_custom_1554486038536{padding-top: 120px !important;padding-bottom: 120px !important;}&#8221;][vc_column width=&#8221;1\/2&#8243;][\/vc_column][vc_column width=&#8221;1\/2&#8243;][ult_animation_block animation=&#8221;fadeInUp&#8221; animation_duration=&#8221;1&#8243; animation_delay=&#8221;0.3&#8243; animation_iteration_count=&#8221;1&#8243;][vc_row_inner][vc_column_inner width=&#8221;1\/2&#8243;][icon_counter border_size=&#8221;1&#8243; border_color=&#8221;__USE_THEME_MAIN_COLOR__&#8221; icon=&#8221;Defaults-wrench&#8221; icon_size=&#8221;38&#8243; icon_color=&#8221;#ffffff&#8221; text_color=&#8221;#ffffff&#8221; desc_color=&#8221;#ffffff&#8221; bg_color=&#8221;__USE_THEME_MAIN_COLOR__&#8221; block_title_front=&#8221;MANUTEN\u00c7\u00c3O&#8221; block_title_back=&#8221;MANUTEN\u00c7AO&#8221; block_desc_back=&#8221;Projeto e execu\u00e7\u00e3o de manuten\u00e7\u00f5es em data centers.&#8221; cont_align=&#8221;on&#8221; title_font=&#8221;font_family:Poppins|font_call:Poppins|variant:600&#8243; title_font_style=&#8221;font-weight:600;&#8221; desc_font=&#8221;font_family:Open Sans|font_call:Open+Sans&#8221; desc_font_style=&#8221;font-weight:500;&#8221; title_font_size=&#8221;desktop:16px;&#8221; desc_font_size=&#8221;desktop:12px;&#8221; desc_font_line_height=&#8221;desktop:20px;&#8221;][\/vc_column_inner][vc_column_inner width=&#8221;1\/2&#8243;][icon_counter border_size=&#8221;1&#8243; border_color=&#8221;#212121&#8243; icon=&#8221;Defaults-star&#8221; icon_size=&#8221;38&#8243; icon_color=&#8221;#ffffff&#8221; text_color=&#8221;#ffffff&#8221; bg_color=&#8221;#212121&#8243; block_title_front=&#8221;IMPLANTA\u00c7\u00c3O&#8221; block_title_back=&#8221;IMPLANTA\u00c7\u00c3O&#8221; block_desc_back=&#8221;Seu data center entregue e funcionando.&#8221; cont_align=&#8221;on&#8221; title_font=&#8221;font_family:Poppins|font_call:Poppins|variant:600&#8243; title_font_style=&#8221;font-weight:600;&#8221; desc_font=&#8221;font_family:Open Sans|font_call:Open+Sans&#8221; desc_font_style=&#8221;font-weight:500;&#8221; title_font_size=&#8221;desktop:17px;&#8221; desc_font_size=&#8221;desktop:12px;&#8221; desc_font_line_height=&#8221;desktop:20px;&#8221;][\/vc_column_inner][\/vc_row_inner][vc_empty_space height=&#8221;15px&#8221;][\/ult_animation_block][ult_animation_block animation=&#8221;fadeInUp&#8221; animation_duration=&#8221;1&#8243; animation_delay=&#8221;0.3&#8243; animation_iteration_count=&#8221;1&#8243;][vc_row_inner][vc_column_inner width=&#8221;1\/2&#8243;][icon_counter border_size=&#8221;1&#8243; border_color=&#8221;#212121&#8243; icon=&#8221;Defaults-pencil&#8221; icon_size=&#8221;38&#8243; icon_color=&#8221;#ffffff&#8221; text_color=&#8221;#ffffff&#8221; bg_color=&#8221;#212121&#8243; block_title_front=&#8221;PROJETO&#8221; block_title_back=&#8221;PROJETO&#8221; block_desc_back=&#8221;Projeto completo para data center.&#8221; cont_align=&#8221;on&#8221; title_font=&#8221;font_family:Poppins|font_call:Poppins|variant:600&#8243; title_font_style=&#8221;font-weight:600;&#8221; desc_font=&#8221;font_family:Open Sans|font_call:Open+Sans&#8221; desc_font_style=&#8221;font-weight:500;&#8221; title_font_size=&#8221;desktop:17px;&#8221; desc_font_size=&#8221;desktop:12px;&#8221; desc_font_line_height=&#8221;desktop:20px;&#8221; title_font_line_height=&#8221;desktop:18px;&#8221;][\/vc_column_inner][vc_column_inner width=&#8221;1\/2&#8243;][icon_counter border_size=&#8221;1&#8243; border_color=&#8221;__USE_THEME_MAIN_COLOR__&#8221; icon=&#8221;Defaults-certificate&#8221; icon_size=&#8221;38&#8243; icon_color=&#8221;#ffffff&#8221; text_color=&#8221;#ffffff&#8221; bg_color=&#8221;__USE_THEME_MAIN_COLOR__&#8221; block_title_front=&#8221;CERTIFICA\u00c7\u00c3O&#8221; block_title_back=&#8221;CERTIFICA\u00c7\u00c3O&#8221; block_desc_back=&#8221;Processo completo de certifica\u00e7\u00e3o.&#8221; cont_align=&#8221;on&#8221; title_font=&#8221;font_family:Poppins|font_call:Poppins|variant:600&#8243; title_font_style=&#8221;font-weight:600;&#8221; desc_font=&#8221;font_family:Open Sans|font_call:Open+Sans&#8221; desc_font_style=&#8221;font-weight:500;&#8221; title_font_size=&#8221;desktop:17px;&#8221; desc_font_size=&#8221;desktop:12px;&#8221; desc_font_line_height=&#8221;desktop:20px;&#8221;][\/vc_column_inner][\/vc_row_inner][\/ult_animation_block][\/vc_column][\/vc_row][vc_row css=&#8221;.vc_custom_1525703964757{padding-top: 100px !important;padding-bottom: 100px !important;}&#8221;][vc_column width=&#8221;1\/6&#8243; css=&#8221;.vc_custom_1476030875969{padding-right: 20px !important;}&#8221;][\/vc_column][vc_column width=&#8221;2\/3&#8243;][vc_custom_heading text=&#8221;Solicite j\u00e1 seu atendimento!&#8221; font_container=&#8221;tag:h3|text_align:center|color:__USE_THEME_MAIN_COLOR__&#8221; use_theme_fonts=&#8221;yes&#8221; el_class=&#8221;no-letter-spacing&#8221;][vc_custom_heading text=&#8221;Envie seus dados que n\u00f3s retornaremos para voc\u00ea.&#8221; font_container=&#8221;tag:h2|text_align:center&#8221; use_theme_fonts=&#8221;yes&#8221; el_class=&#8221;no-letter-spacing&#8221;][vc_empty_space height=&#8221;15px&#8221;][vc_empty_space height=&#8221;5px&#8221;][vc_btn title=&#8221;CADASTRAR&#8221; style=&#8221;outline-custom&#8221; outline_custom_color=&#8221;#212121&#8243; outline_custom_hover_background=&#8221;#212121&#8243; outline_custom_hover_text=&#8221;#ffffff&#8221; shape=&#8221;square&#8221; align=&#8221;center&#8221; link=&#8221;url:https%3A%2F%2Fdcsservice.com.br%2Fcontato-contato%2F|||&#8221;][\/vc_column][vc_column width=&#8221;1\/6&#8243;][\/vc_column][\/vc_row]<\/p>\n","protected":false},"excerpt":{"rendered":"<p>[vc_row css=&#8221;.vc_custom_1554641537919{padding-top: 120px !important;padding-bottom: 120px !important;}&#8221;][vc_column][vc_column_text] PROJETO EL\u00c9TRICO O Projeto do Sistema El\u00e9trico e de Aterramento obrigatoriamente \u00e9 elaborado em fun\u00e7\u00e3o das necessidades do fornecimento de energia el\u00e9trica de forma limpa, cont\u00ednua e ininterrupta. No encaminhamento dos cabos, dever\u00e1 levar em considera\u00e7\u00e3o a distribui\u00e7\u00e3o do sistema el\u00e9trico e dados no mesmo ambiente, observando tamb\u00e9m a [&hellip;]<\/p>\n","protected":false},"author":4,"featured_media":12665,"parent":0,"menu_order":0,"comment_status":"closed","ping_status":"closed","template":"page.php","meta":{"footnotes":""},"class_list":["post-12241","page","type-page","status-publish","has-post-thumbnail","hentry"],"_links":{"self":[{"href":"https:\/\/www.dcsservice.com.br\/index.php?rest_route=\/wp\/v2\/pages\/12241","targetHints":{"allow":["GET"]}}],"collection":[{"href":"https:\/\/www.dcsservice.com.br\/index.php?rest_route=\/wp\/v2\/pages"}],"about":[{"href":"https:\/\/www.dcsservice.com.br\/index.php?rest_route=\/wp\/v2\/types\/page"}],"author":[{"embeddable":true,"href":"https:\/\/www.dcsservice.com.br\/index.php?rest_route=\/wp\/v2\/users\/4"}],"replies":[{"embeddable":true,"href":"https:\/\/www.dcsservice.com.br\/index.php?rest_route=%2Fwp%2Fv2%2Fcomments&post=12241"}],"version-history":[{"count":0,"href":"https:\/\/www.dcsservice.com.br\/index.php?rest_route=\/wp\/v2\/pages\/12241\/revisions"}],"wp:featuredmedia":[{"embeddable":true,"href":"https:\/\/www.dcsservice.com.br\/index.php?rest_route=\/wp\/v2\/media\/12665"}],"wp:attachment":[{"href":"https:\/\/www.dcsservice.com.br\/index.php?rest_route=%2Fwp%2Fv2%2Fmedia&parent=12241"}],"curies":[{"name":"wp","href":"https:\/\/api.w.org\/{rel}","templated":true}]}}