{"id":12230,"date":"2019-04-07T10:29:27","date_gmt":"2019-04-07T13:29:27","guid":{"rendered":"http:\/\/\/\/dcsservice.com.br\/4-fatores-essenciais-2-2-2-2\/"},"modified":"2025-01-03T13:57:27","modified_gmt":"2025-01-03T16:57:27","slug":"projeto-projeto","status":"publish","type":"page","link":"https:\/\/www.dcsservice.com.br\/?page_id=12230","title":{"rendered":"PROJETO E CONSTRU\u00c7\u00c3O DE DATA CENTERS"},"content":{"rendered":"<p>[vc_row css=&#8221;.vc_custom_1554641537919{padding-top: 120px !important;padding-bottom: 120px !important;}&#8221;][vc_column][vc_column_text]A\u00a0<span style=\"color: #141b4d;\"><strong>DCS Service<\/strong><\/span>\u00a0\u00e9 especializada em projetos e constru\u00e7\u00e3o de data centers, usando equipamentos e recursos de alta qualidade, t\u00e9cnicas avan\u00e7adas e exclusivas e profissionais especializados. O diferencial da\u00a0<span style=\"color: #141b4d;\"><strong>DCS<\/strong><\/span>\u00a0\u00e9 o desenvolvimento de instala\u00e7\u00f5es precisas, organizadas e com alto padr\u00e3o de confiabilidade.<\/p>\n<p>Nossos profissionais tem a dimens\u00e3o exata da import\u00e2ncia da estrutura do data center de uma empresa, por isso atuamos com plena dedica\u00e7\u00e3o, a fim de garantir todos os resultados planejados. Confira a seguir alguns dos processos que podem envolver o projeto e a constru\u00e7\u00e3o do seu data center. Qualquer d\u00favida, estamos \u00e0 disposi\u00e7\u00e3o!<\/p>\n<h3><span style=\"color: #141b4d;\">PISO ELEVADO<\/span><\/h3>\n<p>Sistema composto de estrutura de sustenta\u00e7\u00e3o, em conformidade com a normatiza\u00e7\u00e3o vigente e chapa de a\u00e7o estampada. A chapa inferior de a\u00e7o carbono EEP, laminada e estampada a frio em prensa hidr\u00e1ulica de 500 toneladas, realiza obten\u00e7\u00e3o do perfil esf\u00e9rico de 64 mm. O topo das semiesferas \u00e9 planificado, resultando uma profundidade de 24 mm e di\u00e2metro de 16 mm para soldagem \u00e0 chapa superior do piso. Esta conforma\u00e7\u00e3o e a distribui\u00e7\u00e3o assim\u00e9trica das semiesferas ao longo da chapa resultam em um grande aumento da resist\u00eancia. Quando o projeto exigir, dever\u00e1 contemplar acess\u00f3rios para rampas, aterramento el\u00e9trico e \u201cCoolBalance\u201d.<\/p>\n<h3><span style=\"color: #141b4d;\">PORTA CORTA FOGO<\/span><\/h3>\n<p>Projeto da porta corta fogo, especial da\u00a0<strong>DCS Service<\/strong>, confeccionado em chapa de a\u00e7o inoxid\u00e1vel ou galvanizado, possuindo n\u00facleo composto de isolante termo ac\u00fastico e antichama, que proporciona alta resist\u00eancia ao fogo. As caracter\u00edsticas t\u00e9cnicas e mec\u00e2nicas s\u00e3o atestadas por certifica\u00e7\u00f5es dos ensaios mec\u00e2nicos e de resist\u00eancia ao fogo no laborat\u00f3rio de Ensaios de Fogo do IPT. A porta corta fogo \u00e9 contemplada com acess\u00f3rios quando requeridos nos projetos, como: sistema de estanqueidade, barra anti-p\u00e2nico com acionamento mec\u00e2nico, fechadura el\u00e9trica, monitora\u00e7\u00e3o de status aberta\/fechada, logomarca do cliente, folha dupla, bandeira, etc.<\/p>\n<h3><span style=\"color: #141b4d;\">FORRO ANTICHAMAS<\/span><\/h3>\n<p>Projeto de placas remov\u00edveis, confeccionadas de gesso e revestidas a quente por pel\u00edcula de PVC, apoiadas sobre estrutura de perfis de a\u00e7o galvanizado tipo T 24 mm com pintura eletrost\u00e1tica branca, formando m\u00f3dulos quadrados, fixado ao teto por meio de tirante pendural e suportes niveladores.<\/p>\n<h3><span style=\"color: #141b4d;\">PROJETO EL\u00c9TRICO<\/span><\/h3>\n<p>O Projeto do Sistema El\u00e9trico e de Aterramento, obrigatoriamente, \u00e9 elaborado em fun\u00e7\u00e3o das necessidades do fornecimento de energia el\u00e9trica de forma limpa, cont\u00ednua e ininterrupta. No encaminhamento dos cabos, dever\u00e1 levar em considera\u00e7\u00e3o a distribui\u00e7\u00e3o do sistema el\u00e9trico e dados no mesmo ambiente, observando tamb\u00e9m a passagem para o fluxo do ar de precis\u00e3o, quando existir climatiza\u00e7\u00e3o do tipo down flow. S\u00e3o considerados ainda os aspectos de redund\u00e2ncia, automatiza\u00e7\u00e3o e alta disponibilidade que o data center exige.<\/p>\n<h3><span style=\"color: #141b4d;\">SISTEMA DE ILUMINA\u00c7\u00c3O<\/span><\/h3>\n<p>Lumin\u00e1rias fluorescentes ou LED adequadas ao ambiente de TI, com n\u00edvel de ilumina\u00e7\u00e3o m\u00ednimo de 500lux conforme a norma NBR-5413 (ABNT). Para a solu\u00e7\u00e3o de lumin\u00e1rias LED, as mesmas ser\u00e3o alimentadas pelo UPS, dispensando assim a necessidade de luz de emerg\u00eancia.<\/p>\n<h3><span style=\"color: #141b4d;\">SISTEMA DE CLIMATIZA\u00c7\u00c3O<\/span><\/h3>\n<p>No Projeto de Sistema de Climatiza\u00e7\u00e3o, devem ser considerados os aspectos de redund\u00e2ncia, automatiza\u00e7\u00e3o e alta disponibilidade que o ambiente exige.<\/p>\n<p>As premissas fornecidas pelo cliente tamb\u00e9m s\u00e3o levadas em conta durante a elabora\u00e7\u00e3o do projeto: o tipo de utiliza\u00e7\u00e3o prevista, as especifica\u00e7\u00f5es t\u00e9cnicas e construtivas definidas nos projetos de arquitetura, instala\u00e7\u00f5es e outros dispon\u00edveis, bem como as normas t\u00e9cnicas aplic\u00e1veis.<\/p>\n<p>Nos locais onde houver climatiza\u00e7\u00e3o, os equipamentos ser\u00e3o instalados sempre com os adequados dispositivos para automatiza\u00e7\u00e3o, tanto em opera\u00e7\u00e3o normal quanto nos eventos de falha, devendo o sistema de climatiza\u00e7\u00e3o estar preparado para a integra\u00e7\u00e3o com os demais subsistemas do data center.<\/p>\n<ul>\n<li><strong>Sistema de Climatiza\u00e7\u00e3o \u2013 Ar de Precis\u00e3o<\/strong>\u00a0&#8211; Essa \u00e9 uma solu\u00e7\u00e3o bastante recomendada, uma vez que se trata de um sistema projetado para trabalhar neste ambiente, que requer controles e opera\u00e7\u00e3o cont\u00ednua. O sistema de Ar de Precis\u00e3o preferencialmente com insuflamento pelo piso (down-flow), possuindo todos os est\u00e1gios de tratamento de ar (resfriamento, desumidifica\u00e7\u00e3o, reaquecimento e umidifica\u00e7\u00e3o) deve ser sempre considerado. A instala\u00e7\u00e3o deve ser feita na condi\u00e7\u00e3o n + m (p.e. 2+1 ou 6+2) para fins de redund\u00e2ncia, suplementa\u00e7\u00e3o e contingenciamento.<\/li>\n<\/ul>\n<h3><span style=\"color: #141b4d;\">UPS \u2013 UNINTERRUPTIBLE POWER SUPPLY \u201cNOBREAK\u201d<\/span><\/h3>\n<p>O UPS deve permitir a escalabilidade e redund\u00e2ncia. Preferencialmente com sistema on-line de dupla convers\u00e3o senoidal trif\u00e1sico, transformador isolador, quando necess\u00e1rio, acionamento do BYPASS manual e autom\u00e1tico, possuindo alarmes audiovisuais, display inteligente, monitoramento remoto e interface para gerenciamento em rede. Neste item deve ser definido claramente o banco de baterias, para atender as especifica\u00e7\u00f5es particulares do ambiente.<\/p>\n<h3><span style=\"color: #141b4d;\">CABEAMENTO<\/span><\/h3>\n<p>Os cabos UTPs e Fibras \u00d3pticas do ambiente de alta disponibilidade dever\u00e3o ser encaminhados sob o piso elevado utilizando-se eletrocalhas afastadas do piso t\u00e9cnico para prote\u00e7\u00e3o do cabeamento em caso de alagamento. Esse encaminhamento deve ser projetado, juntamente com o especialista do projeto de ar de precis\u00e3o down flow, para gerar o menor impacto no desempenho do mesmo. \u00c9 fundamental que seja contemplado um RACK ABERTO com guias laterais para acomoda\u00e7\u00e3o de cabeamento de espelhamento entre RACKS do data center e switches. Esse espelhamento \u00e9 de suma import\u00e2ncia para facilitar movimenta\u00e7\u00f5es com o menor impacto na organiza\u00e7\u00e3o e mitiga\u00e7\u00e3o de risco.<\/p>\n<h3><span style=\"color: #141b4d;\">ELABORA\u00c7\u00c3O DE RFP &#8211; \u201cDEFINI\u00c7\u00c3O DOS REQUISITOS T\u00c9CNICOS DOS PRODUTOS E SERVI\u00c7OS\u201c<\/span><\/h3>\n<p>(Request for Proposal ou Solicita\u00e7\u00e3o de Propostas &#8211; \u201cDefini\u00e7\u00e3o dos Requisitos T\u00e9cnicos dos Produtos e Servi\u00e7os\u201c), no qual a\u00a0<span style=\"color: #141b4d;\"><strong>DCS Service <\/strong><\/span>atua na elabora\u00e7\u00e3o de toda a documenta\u00e7\u00e3o t\u00e9cnica com Projetos Executivos, Memorial Descritivo (MD) e Especifica\u00e7\u00e3o T\u00e9cnica (ET) para a sele\u00e7\u00e3o adequada de fornecedores e tecnologias na constru\u00e7\u00e3o ou adequa\u00e7\u00e3o de data center.[\/vc_column_text][\/vc_column][\/vc_row][vc_row bg_type=&#8221;image&#8221; parallax_style=&#8221;vcpb-vz-jquery&#8221; bg_image_new=&#8221;id^12187|url^http:\/\/\/\/dcsservice.com.br\/wp-content\/uploads\/2019\/04\/data_fundo_inst.jpg|caption^null|alt^null|title^data_fundo_inst|description^null&#8221; bg_image_repeat=&#8221;no-repeat&#8221; bg_override=&#8221;ex-full&#8221; css=&#8221;.vc_custom_1554486038536{padding-top: 120px !important;padding-bottom: 120px !important;}&#8221;][vc_column width=&#8221;1\/2&#8243;][\/vc_column][vc_column width=&#8221;1\/2&#8243;][ult_animation_block animation=&#8221;fadeInUp&#8221; animation_duration=&#8221;1&#8243; animation_delay=&#8221;0.3&#8243; animation_iteration_count=&#8221;1&#8243;][vc_row_inner][vc_column_inner width=&#8221;1\/2&#8243;][icon_counter border_size=&#8221;1&#8243; border_color=&#8221;__USE_THEME_MAIN_COLOR__&#8221; icon=&#8221;Defaults-wrench&#8221; icon_size=&#8221;38&#8243; icon_color=&#8221;#ffffff&#8221; text_color=&#8221;#ffffff&#8221; desc_color=&#8221;#ffffff&#8221; bg_color=&#8221;#0084d4&#8243; block_title_front=&#8221;MANUTEN\u00c7\u00c3O&#8221; block_title_back=&#8221;MANUTEN\u00c7AO&#8221; block_desc_back=&#8221;Projeto e execu\u00e7\u00e3o de manuten\u00e7\u00f5es em data centers.&#8221; cont_align=&#8221;on&#8221; title_font=&#8221;font_family:Poppins|font_call:Poppins|variant:600&#8243; title_font_style=&#8221;font-weight:600;&#8221; desc_font=&#8221;font_family:Open Sans|font_call:Open+Sans&#8221; desc_font_style=&#8221;font-weight:500;&#8221; title_font_size=&#8221;desktop:16px;&#8221; desc_font_size=&#8221;desktop:12px;&#8221; desc_font_line_height=&#8221;desktop:20px;&#8221;][\/vc_column_inner][vc_column_inner width=&#8221;1\/2&#8243;][icon_counter border_size=&#8221;1&#8243; border_color=&#8221;#212121&#8243; icon=&#8221;Defaults-star&#8221; icon_size=&#8221;38&#8243; icon_color=&#8221;#ffffff&#8221; text_color=&#8221;#ffffff&#8221; desc_color=&#8221;#ffffff&#8221; bg_color=&#8221;#4ac9e3&#8243; block_title_front=&#8221;IMPLANTA\u00c7\u00c3O&#8221; block_title_back=&#8221;IMPLANTA\u00c7\u00c3O&#8221; block_desc_back=&#8221;Seu data center entregue e funcionando.&#8221; cont_align=&#8221;on&#8221; title_font=&#8221;font_family:Poppins|font_call:Poppins|variant:600&#8243; title_font_style=&#8221;font-weight:600;&#8221; desc_font=&#8221;font_family:Open Sans|font_call:Open+Sans&#8221; desc_font_style=&#8221;font-weight:500;&#8221; title_font_size=&#8221;desktop:17px;&#8221; desc_font_size=&#8221;desktop:12px;&#8221; desc_font_line_height=&#8221;desktop:20px;&#8221;][\/vc_column_inner][\/vc_row_inner][vc_empty_space height=&#8221;15px&#8221;][\/ult_animation_block][ult_animation_block animation=&#8221;fadeInUp&#8221; animation_duration=&#8221;1&#8243; animation_delay=&#8221;0.3&#8243; animation_iteration_count=&#8221;1&#8243;][vc_row_inner][vc_column_inner width=&#8221;1\/2&#8243;][icon_counter border_size=&#8221;1&#8243; border_color=&#8221;#212121&#8243; icon=&#8221;Defaults-pencil&#8221; icon_size=&#8221;38&#8243; icon_color=&#8221;#ffffff&#8221; text_color=&#8221;#ffffff&#8221; desc_color=&#8221;#ffffff&#8221; bg_color=&#8221;#4ac9e3&#8243; block_title_front=&#8221;PROJETO&#8221; block_title_back=&#8221;PROJETO&#8221; block_desc_back=&#8221;Projeto completo para data center.&#8221; cont_align=&#8221;on&#8221; title_font=&#8221;font_family:Poppins|font_call:Poppins|variant:600&#8243; title_font_style=&#8221;font-weight:600;&#8221; desc_font=&#8221;font_family:Open Sans|font_call:Open+Sans&#8221; desc_font_style=&#8221;font-weight:500;&#8221; title_font_size=&#8221;desktop:17px;&#8221; desc_font_size=&#8221;desktop:12px;&#8221; desc_font_line_height=&#8221;desktop:20px;&#8221; title_font_line_height=&#8221;desktop:18px;&#8221;][\/vc_column_inner][vc_column_inner width=&#8221;1\/2&#8243;][icon_counter border_size=&#8221;1&#8243; border_color=&#8221;__USE_THEME_MAIN_COLOR__&#8221; icon=&#8221;Defaults-certificate&#8221; icon_size=&#8221;38&#8243; icon_color=&#8221;#ffffff&#8221; text_color=&#8221;#ffffff&#8221; desc_color=&#8221;#ffffff&#8221; bg_color=&#8221;#0084d4&#8243; block_title_front=&#8221;CERTIFICA\u00c7\u00c3O&#8221; block_title_back=&#8221;CERTIFICA\u00c7\u00c3O&#8221; block_desc_back=&#8221;Processo completo de certifica\u00e7\u00e3o.&#8221; cont_align=&#8221;on&#8221; title_font=&#8221;font_family:Poppins|font_call:Poppins|variant:600&#8243; title_font_style=&#8221;font-weight:600;&#8221; desc_font=&#8221;font_family:Open Sans|font_call:Open+Sans&#8221; desc_font_style=&#8221;font-weight:500;&#8221; title_font_size=&#8221;desktop:17px;&#8221; desc_font_size=&#8221;desktop:12px;&#8221; desc_font_line_height=&#8221;desktop:20px;&#8221;][\/vc_column_inner][\/vc_row_inner][\/ult_animation_block][\/vc_column][\/vc_row][vc_row css=&#8221;.vc_custom_1525703964757{padding-top: 100px !important;padding-bottom: 100px !important;}&#8221;][vc_column width=&#8221;1\/6&#8243; css=&#8221;.vc_custom_1476030875969{padding-right: 20px !important;}&#8221;][\/vc_column][vc_column width=&#8221;2\/3&#8243;][vc_custom_heading text=&#8221;Solicite j\u00e1 seu atendimento!&#8221; font_container=&#8221;tag:h3|text_align:center|color:__USE_THEME_MAIN_COLOR__&#8221; use_theme_fonts=&#8221;yes&#8221; el_class=&#8221;no-letter-spacing&#8221;][vc_custom_heading text=&#8221;Envie seus dados que n\u00f3s retornaremos para voc\u00ea.&#8221; font_container=&#8221;tag:h2|text_align:center&#8221; use_theme_fonts=&#8221;yes&#8221; el_class=&#8221;no-letter-spacing&#8221;][vc_empty_space height=&#8221;15px&#8221;][vc_empty_space height=&#8221;5px&#8221;][vc_btn title=&#8221;CADASTRAR&#8221; style=&#8221;outline-custom&#8221; outline_custom_color=&#8221;#141b4d&#8221; outline_custom_hover_background=&#8221;#ff6720&#8243; outline_custom_hover_text=&#8221;#141b4d&#8221; shape=&#8221;square&#8221; align=&#8221;center&#8221; link=&#8221;url:http%3A%2F%2F%2F%2Fdcsservice.com.br%2Fcontato-contato%2F|||&#8221;][\/vc_column][vc_column width=&#8221;1\/6&#8243;][\/vc_column][\/vc_row]<\/p>\n","protected":false},"excerpt":{"rendered":"<p>[vc_row css=&#8221;.vc_custom_1554641537919{padding-top: 120px !important;padding-bottom: 120px !important;}&#8221;][vc_column][vc_column_text]A\u00a0DCS Service\u00a0\u00e9 especializada em projetos e constru\u00e7\u00e3o de data centers, usando equipamentos e recursos de alta qualidade, t\u00e9cnicas avan\u00e7adas e exclusivas e profissionais especializados. O diferencial da\u00a0DCS\u00a0\u00e9 o desenvolvimento de instala\u00e7\u00f5es precisas, organizadas e com alto padr\u00e3o de confiabilidade. Nossos profissionais tem a dimens\u00e3o exata da import\u00e2ncia da estrutura do [&hellip;]<\/p>\n","protected":false},"author":4,"featured_media":0,"parent":0,"menu_order":0,"comment_status":"closed","ping_status":"closed","template":"page.php","meta":{"footnotes":""},"class_list":["post-12230","page","type-page","status-publish","hentry"],"_links":{"self":[{"href":"https:\/\/www.dcsservice.com.br\/index.php?rest_route=\/wp\/v2\/pages\/12230","targetHints":{"allow":["GET"]}}],"collection":[{"href":"https:\/\/www.dcsservice.com.br\/index.php?rest_route=\/wp\/v2\/pages"}],"about":[{"href":"https:\/\/www.dcsservice.com.br\/index.php?rest_route=\/wp\/v2\/types\/page"}],"author":[{"embeddable":true,"href":"https:\/\/www.dcsservice.com.br\/index.php?rest_route=\/wp\/v2\/users\/4"}],"replies":[{"embeddable":true,"href":"https:\/\/www.dcsservice.com.br\/index.php?rest_route=%2Fwp%2Fv2%2Fcomments&post=12230"}],"version-history":[{"count":2,"href":"https:\/\/www.dcsservice.com.br\/index.php?rest_route=\/wp\/v2\/pages\/12230\/revisions"}],"predecessor-version":[{"id":15326,"href":"https:\/\/www.dcsservice.com.br\/index.php?rest_route=\/wp\/v2\/pages\/12230\/revisions\/15326"}],"wp:attachment":[{"href":"https:\/\/www.dcsservice.com.br\/index.php?rest_route=%2Fwp%2Fv2%2Fmedia&parent=12230"}],"curies":[{"name":"wp","href":"https:\/\/api.w.org\/{rel}","templated":true}]}}