{"id":12226,"date":"2019-04-07T10:28:35","date_gmt":"2019-04-07T13:28:35","guid":{"rendered":"http:\/\/\/\/dcsservice.com.br\/4-fatores-essenciais-2\/"},"modified":"2022-02-02T20:02:43","modified_gmt":"2022-02-02T23:02:43","slug":"manutencao-dcs-datacenter","status":"publish","type":"page","link":"https:\/\/www.dcsservice.com.br\/?page_id=12226","title":{"rendered":"SUPORTE E CONTRATO DE MANUTEN\u00c7\u00c3O"},"content":{"rendered":"<p>[vc_row css=&#8221;.vc_custom_1554641537919{padding-top: 120px !important;padding-bottom: 120px !important;}&#8221;][vc_column][vc_column_text]A <strong>DCS Service<\/strong> oferece o que \u00e9 essencial para se obter sucesso na implementa\u00e7\u00e3o de um data center. Assim que a necessidade de implanta\u00e7\u00e3o ou melhoria do ambiente cr\u00edtico \u00e9 identificada, a equipe da <strong>DCS Service<\/strong>\u00a0trabalha de maneira personalizada, com foco em cada necessidade, considerando precis\u00e3o e organiza\u00e7\u00e3o dos projetos, a qualidade das instala\u00e7\u00f5es, o padr\u00e3o dos equipamentos e tecnologias, a qualifica\u00e7\u00e3o e experi\u00eancia dos profissionais, al\u00e9m da efetividade dos treinamentos.<\/p>\n<p>Sabemos que as rotinas da empresa, as novidades do universo tecnol\u00f3gico, os processos normais de manuten\u00e7\u00e3o e os riscos naturais de opera\u00e7\u00e3o, energia e funcionamento dos equipamentos, podem ou at\u00e9 devem alterar a equaliza\u00e7\u00e3o do sistema. Nada melhor do que contar com o Suporte T\u00e9cnico da <strong>DCS Service<\/strong>, que traz para os clientes procedimentos de manuten\u00e7\u00e3o, preven\u00e7\u00e3o, assessoria e resolu\u00e7\u00e3o, garantindo-lhes toda a tranquilidade que os seus dados merecem!<\/p>\n<ul class=\"gkBullet4\">\n<li>Contratos de Suporte T\u00e9cnico;<\/li>\n<li>Suporte Programado.<\/li>\n<\/ul>\n<p>[\/vc_column_text][\/vc_column][\/vc_row][vc_row bg_type=&#8221;image&#8221; parallax_style=&#8221;vcpb-vz-jquery&#8221; bg_image_new=&#8221;id^12187|url^http:\/\/\/\/dcsservice.com.br\/wp-content\/uploads\/2019\/04\/data_fundo_inst.jpg|caption^null|alt^null|title^data_fundo_inst|description^null&#8221; bg_image_repeat=&#8221;no-repeat&#8221; bg_override=&#8221;ex-full&#8221; css=&#8221;.vc_custom_1554486038536{padding-top: 120px !important;padding-bottom: 120px !important;}&#8221;][vc_column width=&#8221;1\/2&#8243;][\/vc_column][vc_column width=&#8221;1\/2&#8243;][ult_animation_block animation=&#8221;fadeInUp&#8221; animation_duration=&#8221;1&#8243; animation_delay=&#8221;0.3&#8243; animation_iteration_count=&#8221;1&#8243;][vc_row_inner][vc_column_inner width=&#8221;1\/2&#8243;][icon_counter border_size=&#8221;2&#8243; border_color=&#8221;#a4a4a4&#8243; icon=&#8221;Defaults-wrench&#8221; icon_size=&#8221;38&#8243; icon_color=&#8221;#ffffff&#8221; text_color=&#8221;#ffffff&#8221; desc_color=&#8221;#ffffff&#8221; bg_color=&#8221;#7d55c7&#8243; block_title_front=&#8221;MANUTEN\u00c7\u00c3O&#8221; block_title_back=&#8221;MANUTEN\u00c7\u00c3O&#8221; block_desc_back=&#8221;Projeto e execu\u00e7\u00e3o de manuten\u00e7\u00f5es em data centers.&#8221; cont_align=&#8221;on&#8221; title_font=&#8221;font_family:Poppins|font_call:Poppins|variant:600&#8243; title_font_style=&#8221;font-weight:bold;&#8221; desc_font=&#8221;font_family:Open Sans|font_call:Open+Sans&#8221; desc_font_style=&#8221;font-weight:500;&#8221; title_font_size=&#8221;desktop:16px;&#8221; desc_font_size=&#8221;desktop:12px;&#8221; desc_font_line_height=&#8221;desktop:20px;&#8221;][\/vc_column_inner][vc_column_inner width=&#8221;1\/2&#8243;][icon_counter border_size=&#8221;1&#8243; border_color=&#8221;#212121&#8243; icon=&#8221;Defaults-star&#8221; icon_size=&#8221;38&#8243; icon_color=&#8221;#ffffff&#8221; text_color=&#8221;#ffffff&#8221; bg_color=&#8221;#4ac9e3&#8243; block_title_front=&#8221;IMPLANTA\u00c7\u00c3O&#8221; block_title_back=&#8221;IMPLANTA\u00c7\u00c3O&#8221; block_desc_back=&#8221;Seu data center entregue e funcionando.&#8221; cont_align=&#8221;on&#8221; title_font=&#8221;font_family:Poppins|font_call:Poppins|variant:600&#8243; title_font_style=&#8221;font-weight:600;&#8221; desc_font=&#8221;font_family:Open Sans|font_call:Open+Sans&#8221; desc_font_style=&#8221;font-weight:500;&#8221; title_font_size=&#8221;desktop:17px;&#8221; desc_font_size=&#8221;desktop:12px;&#8221; desc_font_line_height=&#8221;desktop:20px;&#8221;][\/vc_column_inner][\/vc_row_inner][vc_empty_space height=&#8221;15px&#8221;][\/ult_animation_block][ult_animation_block animation=&#8221;fadeInUp&#8221; animation_duration=&#8221;1&#8243; animation_delay=&#8221;0.3&#8243; animation_iteration_count=&#8221;1&#8243;][vc_row_inner][vc_column_inner width=&#8221;1\/2&#8243;][icon_counter border_size=&#8221;1&#8243; border_color=&#8221;#212121&#8243; icon=&#8221;Defaults-pencil&#8221; icon_size=&#8221;38&#8243; icon_color=&#8221;#ffffff&#8221; text_color=&#8221;#ffffff&#8221; bg_color=&#8221;#4ac9e3&#8243; block_title_front=&#8221;PROJETO&#8221; block_title_back=&#8221;PROJETO&#8221; block_desc_back=&#8221;Projeto completo para data center.&#8221; cont_align=&#8221;on&#8221; title_font=&#8221;font_family:Poppins|font_call:Poppins|variant:600&#8243; title_font_style=&#8221;font-weight:600;&#8221; desc_font=&#8221;font_family:Open Sans|font_call:Open+Sans&#8221; desc_font_style=&#8221;font-weight:500;&#8221; title_font_size=&#8221;desktop:17px;&#8221; desc_font_size=&#8221;desktop:12px;&#8221; desc_font_line_height=&#8221;desktop:20px;&#8221; title_font_line_height=&#8221;desktop:18px;&#8221;][\/vc_column_inner][vc_column_inner width=&#8221;1\/2&#8243;][icon_counter border_size=&#8221;1&#8243; border_color=&#8221;__USE_THEME_MAIN_COLOR__&#8221; icon=&#8221;Defaults-certificate&#8221; icon_size=&#8221;38&#8243; icon_color=&#8221;#ffffff&#8221; text_color=&#8221;#ffffff&#8221; desc_color=&#8221;#ffffff&#8221; bg_color=&#8221;#7d55c7&#8243; block_title_front=&#8221;CERTIFICA\u00c7\u00c3O&#8221; block_title_back=&#8221;CERTIFICA\u00c7\u00c3O&#8221; block_desc_back=&#8221;Processo completo de certifica\u00e7\u00e3o.&#8221; cont_align=&#8221;on&#8221; title_font=&#8221;font_family:Poppins|font_call:Poppins|variant:600&#8243; title_font_style=&#8221;font-weight:600;&#8221; desc_font=&#8221;font_family:Open Sans|font_call:Open+Sans&#8221; desc_font_style=&#8221;font-weight:500;&#8221; title_font_size=&#8221;desktop:17px;&#8221; desc_font_size=&#8221;desktop:12px;&#8221; desc_font_line_height=&#8221;desktop:20px;&#8221;][\/vc_column_inner][\/vc_row_inner][\/ult_animation_block][\/vc_column][\/vc_row][vc_row css=&#8221;.vc_custom_1525703964757{padding-top: 100px !important;padding-bottom: 100px !important;}&#8221;][vc_column width=&#8221;1\/6&#8243; css=&#8221;.vc_custom_1476030875969{padding-right: 20px !important;}&#8221;][\/vc_column][vc_column width=&#8221;2\/3&#8243;][vc_custom_heading text=&#8221;Solicite j\u00e1 seu atendimento!&#8221; font_container=&#8221;tag:h3|text_align:center|color:__USE_THEME_MAIN_COLOR__&#8221; use_theme_fonts=&#8221;yes&#8221; el_class=&#8221;no-letter-spacing&#8221;][vc_custom_heading text=&#8221;Envie seus dados que n\u00f3s retornaremos para voc\u00ea.&#8221; font_container=&#8221;tag:h2|text_align:center&#8221; use_theme_fonts=&#8221;yes&#8221; el_class=&#8221;no-letter-spacing&#8221;][vc_empty_space height=&#8221;15px&#8221;][vc_empty_space height=&#8221;5px&#8221;][vc_btn title=&#8221;CADASTRAR&#8221; style=&#8221;outline-custom&#8221; outline_custom_color=&#8221;#141b4d&#8221; outline_custom_hover_background=&#8221;#ff6720&#8243; outline_custom_hover_text=&#8221;#141b4d&#8221; shape=&#8221;square&#8221; align=&#8221;center&#8221; link=&#8221;url:http%3A%2F%2F%2F%2Fdcsservice.com.br%2Fcontato-contato%2F|||&#8221;][\/vc_column][vc_column width=&#8221;1\/6&#8243;][\/vc_column][\/vc_row]<\/p>\n","protected":false},"excerpt":{"rendered":"<p>[vc_row css=&#8221;.vc_custom_1554641537919{padding-top: 120px !important;padding-bottom: 120px !important;}&#8221;][vc_column][vc_column_text]A DCS Service oferece o que \u00e9 essencial para se obter sucesso na implementa\u00e7\u00e3o de um data center. Assim que a necessidade de implanta\u00e7\u00e3o ou melhoria do ambiente cr\u00edtico \u00e9 identificada, a equipe da DCS Service\u00a0trabalha de maneira personalizada, com foco em cada necessidade, considerando precis\u00e3o e organiza\u00e7\u00e3o dos projetos, [&hellip;]<\/p>\n","protected":false},"author":4,"featured_media":0,"parent":0,"menu_order":0,"comment_status":"closed","ping_status":"closed","template":"page.php","meta":{"footnotes":""},"class_list":["post-12226","page","type-page","status-publish","hentry"],"_links":{"self":[{"href":"https:\/\/www.dcsservice.com.br\/index.php?rest_route=\/wp\/v2\/pages\/12226","targetHints":{"allow":["GET"]}}],"collection":[{"href":"https:\/\/www.dcsservice.com.br\/index.php?rest_route=\/wp\/v2\/pages"}],"about":[{"href":"https:\/\/www.dcsservice.com.br\/index.php?rest_route=\/wp\/v2\/types\/page"}],"author":[{"embeddable":true,"href":"https:\/\/www.dcsservice.com.br\/index.php?rest_route=\/wp\/v2\/users\/4"}],"replies":[{"embeddable":true,"href":"https:\/\/www.dcsservice.com.br\/index.php?rest_route=%2Fwp%2Fv2%2Fcomments&post=12226"}],"version-history":[{"count":0,"href":"https:\/\/www.dcsservice.com.br\/index.php?rest_route=\/wp\/v2\/pages\/12226\/revisions"}],"wp:attachment":[{"href":"https:\/\/www.dcsservice.com.br\/index.php?rest_route=%2Fwp%2Fv2%2Fmedia&parent=12226"}],"curies":[{"name":"wp","href":"https:\/\/api.w.org\/{rel}","templated":true}]}}